{"id":1538,"date":"2024-10-04T10:52:11","date_gmt":"2024-10-04T10:52:11","guid":{"rendered":"https:\/\/tovar-prijevoz-selidbe.hr\/?page_id=1538"},"modified":"2024-10-21T09:24:31","modified_gmt":"2024-10-21T09:24:31","slug":"montaza-tapeciranog-namjestaja","status":"publish","type":"page","link":"https:\/\/tovar-prijevoz-selidbe.hr\/index.php\/montaza-tapeciranog-namjestaja\/","title":{"rendered":"Monta\u017ea Tapeciranog Namje\u0161taja"},"content":{"rendered":"\t\t<div data-elementor-type=\"wp-page\" data-elementor-id=\"1538\" class=\"elementor elementor-1538\">\n\t\t\t\t\t\t<section class=\"elementor-section elementor-top-section elementor-element elementor-element-2d104b8c0 elementor-section-boxed elementor-section-height-default elementor-section-height-default wpr-particle-no wpr-jarallax-no wpr-parallax-no wpr-sticky-section-no\" data-id=\"2d104b8c0\" data-element_type=\"section\" data-settings=\"{&quot;background_background&quot;:&quot;classic&quot;}\">\n\t\t\t\t\t\t\t<div class=\"elementor-background-overlay\"><\/div>\n\t\t\t\t\t\t\t<div class=\"elementor-container elementor-column-gap-default\">\n\t\t\t\t\t<div class=\"elementor-column elementor-col-100 elementor-top-column elementor-element elementor-element-15c7ec57\" data-id=\"15c7ec57\" data-element_type=\"column\">\n\t\t\t<div class=\"elementor-widget-wrap elementor-element-populated\">\n\t\t\t\t\t\t<div class=\"elementor-element elementor-element-53c18a4e elementor-widget elementor-widget-heading\" data-id=\"53c18a4e\" data-element_type=\"widget\" data-widget_type=\"heading.default\">\n\t\t\t\t<div class=\"elementor-widget-container\">\n\t\t\t<h2 class=\"elementor-heading-title elementor-size-default\">Monta\u017ea Tapeciranog Namje\u0161taja<\/h2>\t\t<\/div>\n\t\t\t\t<\/div>\n\t\t\t\t\t<\/div>\n\t\t<\/div>\n\t\t\t\t\t<\/div>\n\t\t<\/section>\n\t\t\t\t<section class=\"elementor-section elementor-top-section elementor-element elementor-element-51729b4d elementor-section-boxed elementor-section-height-default elementor-section-height-default wpr-particle-no wpr-jarallax-no wpr-parallax-no wpr-sticky-section-no\" data-id=\"51729b4d\" data-element_type=\"section\">\n\t\t\t\t\t\t<div class=\"elementor-container elementor-column-gap-default\">\n\t\t\t\t\t<div class=\"elementor-column elementor-col-50 elementor-top-column elementor-element elementor-element-5b1814e5\" data-id=\"5b1814e5\" data-element_type=\"column\">\n\t\t\t<div class=\"elementor-widget-wrap elementor-element-populated\">\n\t\t\t\t\t\t<div class=\"elementor-element elementor-element-d146f10 elementor-widget elementor-widget-heading\" data-id=\"d146f10\" data-element_type=\"widget\" data-widget_type=\"heading.default\">\n\t\t\t\t<div class=\"elementor-widget-container\">\n\t\t\t<h2 class=\"elementor-heading-title elementor-size-default\">Monta\u017ea Tapeciranog Name\u0161taja Split<\/h2>\t\t<\/div>\n\t\t\t\t<\/div>\n\t\t\t\t<div class=\"elementor-element elementor-element-b1d3e2e elementor-widget elementor-widget-heading\" data-id=\"b1d3e2e\" data-element_type=\"widget\" data-widget_type=\"heading.default\">\n\t\t\t\t<div class=\"elementor-widget-container\">\n\t\t\t<h2 class=\"elementor-heading-title elementor-size-default\">Savr\u0161ena Ugradnja za Va\u0161 Dom<\/h2>\t\t<\/div>\n\t\t\t\t<\/div>\n\t\t\t\t<div class=\"elementor-element elementor-element-30974a79 elementor-widget-divider--view-line elementor-widget elementor-widget-divider\" data-id=\"30974a79\" data-element_type=\"widget\" data-widget_type=\"divider.default\">\n\t\t\t\t<div class=\"elementor-widget-container\">\n\t\t\t\t\t<div class=\"elementor-divider\">\n\t\t\t<span class=\"elementor-divider-separator\">\n\t\t\t\t\t\t<\/span>\n\t\t<\/div>\n\t\t\t\t<\/div>\n\t\t\t\t<\/div>\n\t\t\t\t<div class=\"elementor-element elementor-element-5f57b0f7 elementor-widget elementor-widget-text-editor\" data-id=\"5f57b0f7\" data-element_type=\"widget\" data-widget_type=\"text-editor.default\">\n\t\t\t\t<div class=\"elementor-widget-container\">\n\t\t\t\t\t\t\t<p>Tapecirani namje\u0161taj donosi udobnost i stil u svaki prostor, bilo da se radi o dnevnoj sobi, spava\u0107oj sobi ili radnoj sobi. Me\u0111utim, pravilna monta\u017ea je klju\u010dna za postizanje savr\u0161enog izgleda i funkcionalnosti. Na\u0161a usluga monta\u017ee tapeciranog namje\u0161taja osigurava da va\u0161 namje\u0161taj bude savr\u0161eno postavljen i spreman za upotrebu.<\/p><h4>\u0160ta obuhva\u0107a monta\u017ea tapeciranog namje\u0161taja?<\/h4><p>Monta\u017ea tapeciranog namje\u0161taja uklju\u010duje vi\u0161e koraka kako bi se osiguralo da je svaki komad postavljen ispravno i da traje dugo. Ovo obuhva\u0107a:<\/p><ul><li><p><strong>Pripremu prostora<\/strong>: Prvo se uklanjaju svi prepreke i obezbe\u0111uje prostor za monta\u017eu.<\/p><\/li><li><p><strong>Sklapanje namje\u0161taja<\/strong>: Na\u0161i stru\u010dnjaci pa\u017eljivo sklapaju svaki dio tapeciranog namje\u0161taja, bilo da su to sofe, fotelje ili kreveti.<\/p><\/li><li><p><strong>Postavljanje i u\u010dvr\u0161\u0107ivanje<\/strong>: Nakon sklapanja, namje\u0161taj se postavlja na pravo mjesto i u\u010dvr\u0161\u0107uje se kako bi se osigurala stabilnost.<\/p><\/li><li><p><strong>Zavr\u0161ni dodaci<\/strong>: Na kraju, dodajemo zavr\u0161ne detalje poput jastu\u010di\u0107a, pokriva\u010da ili dekorativnih elemenata koji upotpunjuju izgled.<\/p><\/li><\/ul>\t\t\t\t\t\t<\/div>\n\t\t\t\t<\/div>\n\t\t\t\t<div class=\"elementor-element elementor-element-19ed2dc wpr-button-icon-style-inline wpr-button-icon-position-right elementor-widget elementor-widget-wpr-button\" data-id=\"19ed2dc\" data-element_type=\"widget\" data-widget_type=\"wpr-button.default\">\n\t\t\t\t<div class=\"elementor-widget-container\">\n\t\t\t\t\n\t\t\t\n\t\t\n\t\t<div class=\"wpr-button-wrap elementor-clearfix\">\n\t\t<a class=\"wpr-button wpr-button-effect wpr-button-none\" data-text=\"Go\" href=\"tel:%20095%20388%205892\">\n\t\t\t\n\t\t\t<span class=\"wpr-button-content\">\n\t\t\t\t\t\t\t\t\t<span class=\"wpr-button-text\">095 388 5892<\/span>\n\t\t\t\t\t\t\t\t\n\t\t\t\t\t\t\t<\/span>\n\t\t<\/a>\n\n\t\t\t\t<\/div>\n\t\n\t\n\t\t\t<\/div>\n\t\t\t\t<\/div>\n\t\t\t\t\t<\/div>\n\t\t<\/div>\n\t\t\t\t<div class=\"elementor-column elementor-col-50 elementor-top-column elementor-element elementor-element-3d12c514\" data-id=\"3d12c514\" data-element_type=\"column\">\n\t\t\t<div class=\"elementor-widget-wrap elementor-element-populated\">\n\t\t\t\t\t\t<div class=\"elementor-element elementor-element-43ec7b83 elementor-widget elementor-widget-image\" data-id=\"43ec7b83\" data-element_type=\"widget\" data-widget_type=\"image.default\">\n\t\t\t\t<div class=\"elementor-widget-container\">\n\t\t\t\t\t\t\t\t\t\t\t\t\t<img fetchpriority=\"high\" decoding=\"async\" width=\"960\" height=\"948\" src=\"https:\/\/tovar-prijevoz-selidbe.hr\/wp-content\/uploads\/2024\/09\/366f863b-4717-4748-8b1f-8b201a2257d6-1024x1011.jpeg\" class=\"attachment-large size-large wp-image-1239\" alt=\"\" srcset=\"https:\/\/tovar-prijevoz-selidbe.hr\/wp-content\/uploads\/2024\/09\/366f863b-4717-4748-8b1f-8b201a2257d6-1024x1011.jpeg 1024w, https:\/\/tovar-prijevoz-selidbe.hr\/wp-content\/uploads\/2024\/09\/366f863b-4717-4748-8b1f-8b201a2257d6-300x296.jpeg 300w, https:\/\/tovar-prijevoz-selidbe.hr\/wp-content\/uploads\/2024\/09\/366f863b-4717-4748-8b1f-8b201a2257d6-768x758.jpeg 768w, https:\/\/tovar-prijevoz-selidbe.hr\/wp-content\/uploads\/2024\/09\/366f863b-4717-4748-8b1f-8b201a2257d6.jpeg 1080w\" sizes=\"(max-width: 960px) 100vw, 960px\" \/>\t\t\t\t\t\t\t\t\t\t\t\t\t<\/div>\n\t\t\t\t<\/div>\n\t\t\t\t\t<\/div>\n\t\t<\/div>\n\t\t\t\t\t<\/div>\n\t\t<\/section>\n\t\t\t\t<section class=\"elementor-section elementor-top-section elementor-element elementor-element-34de0fae elementor-section-boxed elementor-section-height-default elementor-section-height-default wpr-particle-no wpr-jarallax-no wpr-parallax-no wpr-sticky-section-no\" data-id=\"34de0fae\" data-element_type=\"section\">\n\t\t\t\t\t\t<div class=\"elementor-container elementor-column-gap-wide\">\n\t\t\t\t\t<div class=\"elementor-column elementor-col-50 elementor-top-column elementor-element elementor-element-23129ea3\" data-id=\"23129ea3\" data-element_type=\"column\">\n\t\t\t<div class=\"elementor-widget-wrap elementor-element-populated\">\n\t\t\t\t\t\t<div class=\"elementor-element elementor-element-816d518 elementor-widget elementor-widget-image\" data-id=\"816d518\" data-element_type=\"widget\" data-widget_type=\"image.default\">\n\t\t\t\t<div class=\"elementor-widget-container\">\n\t\t\t\t\t\t\t\t\t\t\t\t\t<img decoding=\"async\" width=\"960\" height=\"636\" src=\"https:\/\/tovar-prijevoz-selidbe.hr\/wp-content\/uploads\/2024\/09\/Furniture-Assembly-Tips2-1024x678.jpg\" class=\"attachment-large size-large wp-image-1233\" alt=\"\" srcset=\"https:\/\/tovar-prijevoz-selidbe.hr\/wp-content\/uploads\/2024\/09\/Furniture-Assembly-Tips2-1024x678.jpg 1024w, https:\/\/tovar-prijevoz-selidbe.hr\/wp-content\/uploads\/2024\/09\/Furniture-Assembly-Tips2-300x199.jpg 300w, https:\/\/tovar-prijevoz-selidbe.hr\/wp-content\/uploads\/2024\/09\/Furniture-Assembly-Tips2-768x509.jpg 768w, https:\/\/tovar-prijevoz-selidbe.hr\/wp-content\/uploads\/2024\/09\/Furniture-Assembly-Tips2.jpg 1200w\" sizes=\"(max-width: 960px) 100vw, 960px\" \/>\t\t\t\t\t\t\t\t\t\t\t\t\t<\/div>\n\t\t\t\t<\/div>\n\t\t\t\t\t<\/div>\n\t\t<\/div>\n\t\t\t\t<div class=\"elementor-column elementor-col-50 elementor-top-column elementor-element elementor-element-7127daee\" data-id=\"7127daee\" data-element_type=\"column\">\n\t\t\t<div class=\"elementor-widget-wrap elementor-element-populated\">\n\t\t\t\t\t\t<div class=\"elementor-element elementor-element-5162c6b elementor-widget elementor-widget-heading\" data-id=\"5162c6b\" data-element_type=\"widget\" data-widget_type=\"heading.default\">\n\t\t\t\t<div class=\"elementor-widget-container\">\n\t\t\t<h2 class=\"elementor-heading-title elementor-size-default\">Monta\u017ea Tapeciranog Name\u0161taja Split<\/h2>\t\t<\/div>\n\t\t\t\t<\/div>\n\t\t\t\t<div class=\"elementor-element elementor-element-67b5490c elementor-widget-divider--view-line elementor-widget elementor-widget-divider\" data-id=\"67b5490c\" data-element_type=\"widget\" data-widget_type=\"divider.default\">\n\t\t\t\t<div class=\"elementor-widget-container\">\n\t\t\t\t\t<div class=\"elementor-divider\">\n\t\t\t<span class=\"elementor-divider-separator\">\n\t\t\t\t\t\t<\/span>\n\t\t<\/div>\n\t\t\t\t<\/div>\n\t\t\t\t<\/div>\n\t\t\t\t<div class=\"elementor-element elementor-element-4793d5e9 elementor-widget elementor-widget-text-editor\" data-id=\"4793d5e9\" data-element_type=\"widget\" data-widget_type=\"text-editor.default\">\n\t\t\t\t<div class=\"elementor-widget-container\">\n\t\t\t\t\t\t\t<h4>Za\u0161to izabrati profesionalnu monta\u017eu?<\/h4><p><strong>Kvalitetan rad<\/strong>: Na\u0161 tim ima iskustvo u radu sa tapeciranim namje\u0161tajem, \u0161to osigurava da sve bude postavljeno ispravno.<\/p><p><strong>U\u0161teda vremena<\/strong>: S obzirom na slo\u017eenost monta\u017ee, prepu\u0161tanje ovog zadatka stru\u010dnjacima \u0161tedi va\u0161e vreme.<\/p><p><strong>Garancija zadovoljstva<\/strong>: Na\u0161 cilj je va\u0161a potpunu zadovoljstvo, pa osiguravamo da svaki komad namje\u0161taja bude savr\u0161eno postavljen.<\/p>\t\t\t\t\t\t<\/div>\n\t\t\t\t<\/div>\n\t\t\t\t<div class=\"elementor-element elementor-element-a38dc5e wpr-button-icon-style-inline wpr-button-icon-position-right elementor-widget elementor-widget-wpr-button\" data-id=\"a38dc5e\" data-element_type=\"widget\" data-widget_type=\"wpr-button.default\">\n\t\t\t\t<div class=\"elementor-widget-container\">\n\t\t\t\t\n\t\t\t\n\t\t\n\t\t<div class=\"wpr-button-wrap elementor-clearfix\">\n\t\t<a class=\"wpr-button wpr-button-effect wpr-button-none\" data-text=\"Go\" href=\"tel:%20095%20388%205892\">\n\t\t\t\n\t\t\t<span class=\"wpr-button-content\">\n\t\t\t\t\t\t\t\t\t<span class=\"wpr-button-text\">095 388 5892<\/span>\n\t\t\t\t\t\t\t\t\n\t\t\t\t\t\t\t<\/span>\n\t\t<\/a>\n\n\t\t\t\t<\/div>\n\t\n\t\n\t\t\t<\/div>\n\t\t\t\t<\/div>\n\t\t\t\t\t<\/div>\n\t\t<\/div>\n\t\t\t\t\t<\/div>\n\t\t<\/section>\n\t\t\t\t<section class=\"elementor-section elementor-top-section elementor-element elementor-element-321da21a elementor-section-height-min-height elementor-section-boxed elementor-section-height-default elementor-section-items-middle wpr-particle-no wpr-jarallax-no wpr-parallax-no wpr-sticky-section-no\" data-id=\"321da21a\" data-element_type=\"section\" data-settings=\"{&quot;background_background&quot;:&quot;classic&quot;}\">\n\t\t\t\t\t\t\t<div class=\"elementor-background-overlay\"><\/div>\n\t\t\t\t\t\t\t<div class=\"elementor-container elementor-column-gap-default\">\n\t\t\t\t\t<div class=\"elementor-column elementor-col-100 elementor-top-column elementor-element elementor-element-3e2b9ec5\" data-id=\"3e2b9ec5\" data-element_type=\"column\">\n\t\t\t<div class=\"elementor-widget-wrap elementor-element-populated\">\n\t\t\t\t\t\t<div class=\"elementor-element elementor-element-22aa303f elementor-widget elementor-widget-heading\" data-id=\"22aa303f\" data-element_type=\"widget\" data-widget_type=\"heading.default\">\n\t\t\t\t<div class=\"elementor-widget-container\">\n\t\t\t<h2 class=\"elementor-heading-title elementor-size-default\">Monta\u017ea tapeciranog namje\u0161taja je va\u017ean korak ka stvaranju udobnog i funkcionalnog prostora.<\/h2>\t\t<\/div>\n\t\t\t\t<\/div>\n\t\t\t\t<div class=\"elementor-element elementor-element-173b948a elementor-widget-divider--view-line elementor-widget elementor-widget-divider\" data-id=\"173b948a\" data-element_type=\"widget\" data-widget_type=\"divider.default\">\n\t\t\t\t<div class=\"elementor-widget-container\">\n\t\t\t\t\t<div class=\"elementor-divider\">\n\t\t\t<span class=\"elementor-divider-separator\">\n\t\t\t\t\t\t<\/span>\n\t\t<\/div>\n\t\t\t\t<\/div>\n\t\t\t\t<\/div>\n\t\t\t\t\t<\/div>\n\t\t<\/div>\n\t\t\t\t\t<\/div>\n\t\t<\/section>\n\t\t\t\t<\/div>\n\t\t","protected":false},"excerpt":{"rendered":"<p>Monta\u017ea Tapeciranog Namje\u0161taja Monta\u017ea Tapeciranog Name\u0161taja Split Savr\u0161ena Ugradnja za Va\u0161 Dom Tapecirani namje\u0161taj donosi udobnost i stil u svaki prostor, bilo da se radi o dnevnoj sobi, spava\u0107oj sobi ili radnoj sobi. Me\u0111utim, pravilna monta\u017ea je klju\u010dna za postizanje savr\u0161enog izgleda i funkcionalnosti. Na\u0161a usluga monta\u017ee tapeciranog namje\u0161taja osigurava da va\u0161 namje\u0161taj bude savr\u0161eno postavljen i spreman za upotrebu. \u0160ta obuhva\u0107a monta\u017ea tapeciranog namje\u0161taja? Monta\u017ea tapeciranog namje\u0161taja uklju\u010duje vi\u0161e koraka kako bi se osiguralo da je svaki komad postavljen ispravno i da traje dugo. Ovo obuhva\u0107a: Pripremu prostora: Prvo se uklanjaju svi prepreke i obezbe\u0111uje prostor za monta\u017eu. Sklapanje namje\u0161taja: Na\u0161i stru\u010dnjaci pa\u017eljivo sklapaju svaki dio tapeciranog namje\u0161taja, bilo da su to sofe, fotelje ili kreveti. Postavljanje i u\u010dvr\u0161\u0107ivanje: Nakon sklapanja, namje\u0161taj se postavlja na pravo mjesto i u\u010dvr\u0161\u0107uje se kako bi se osigurala stabilnost. Zavr\u0161ni dodaci: Na kraju, dodajemo zavr\u0161ne detalje poput jastu\u010di\u0107a, pokriva\u010da ili dekorativnih elemenata koji upotpunjuju izgled. 095 388 5892 Monta\u017ea Tapeciranog Name\u0161taja Split Za\u0161to izabrati profesionalnu monta\u017eu? Kvalitetan rad: Na\u0161 tim ima iskustvo u radu sa tapeciranim namje\u0161tajem, \u0161to osigurava da sve bude postavljeno ispravno. U\u0161teda vremena: S obzirom na slo\u017eenost monta\u017ee, prepu\u0161tanje ovog zadatka stru\u010dnjacima \u0161tedi va\u0161e vreme. Garancija zadovoljstva: Na\u0161 cilj je va\u0161a potpunu zadovoljstvo, pa osiguravamo da svaki komad namje\u0161taja bude savr\u0161eno postavljen. 095 388 5892 Monta\u017ea tapeciranog namje\u0161taja je va\u017ean korak ka stvaranju udobnog i funkcionalnog prostora.<\/p>\n","protected":false},"author":1,"featured_media":0,"parent":0,"menu_order":0,"comment_status":"closed","ping_status":"closed","template":"","meta":{"om_disable_all_campaigns":false,"_monsterinsights_skip_tracking":false,"_monsterinsights_sitenote_active":false,"_monsterinsights_sitenote_note":"","_monsterinsights_sitenote_category":0,"footnotes":""},"class_list":["post-1538","page","type-page","status-publish","hentry"],"aioseo_notices":[],"_links":{"self":[{"href":"https:\/\/tovar-prijevoz-selidbe.hr\/index.php\/wp-json\/wp\/v2\/pages\/1538","targetHints":{"allow":["GET"]}}],"collection":[{"href":"https:\/\/tovar-prijevoz-selidbe.hr\/index.php\/wp-json\/wp\/v2\/pages"}],"about":[{"href":"https:\/\/tovar-prijevoz-selidbe.hr\/index.php\/wp-json\/wp\/v2\/types\/page"}],"author":[{"embeddable":true,"href":"https:\/\/tovar-prijevoz-selidbe.hr\/index.php\/wp-json\/wp\/v2\/users\/1"}],"replies":[{"embeddable":true,"href":"https:\/\/tovar-prijevoz-selidbe.hr\/index.php\/wp-json\/wp\/v2\/comments?post=1538"}],"version-history":[{"count":16,"href":"https:\/\/tovar-prijevoz-selidbe.hr\/index.php\/wp-json\/wp\/v2\/pages\/1538\/revisions"}],"predecessor-version":[{"id":1685,"href":"https:\/\/tovar-prijevoz-selidbe.hr\/index.php\/wp-json\/wp\/v2\/pages\/1538\/revisions\/1685"}],"wp:attachment":[{"href":"https:\/\/tovar-prijevoz-selidbe.hr\/index.php\/wp-json\/wp\/v2\/media?parent=1538"}],"curies":[{"name":"wp","href":"https:\/\/api.w.org\/{rel}","templated":true}]}}