{"id":1535,"date":"2024-10-04T10:50:32","date_gmt":"2024-10-04T10:50:32","guid":{"rendered":"https:\/\/tovar-prijevoz-selidbe.hr\/?page_id=1535"},"modified":"2024-10-23T14:14:38","modified_gmt":"2024-10-23T14:14:38","slug":"kompletna-montaza-kuhinja","status":"publish","type":"page","link":"https:\/\/tovar-prijevoz-selidbe.hr\/index.php\/kompletna-montaza-kuhinja\/","title":{"rendered":"Kompletna Monta\u017ea Kuhinja"},"content":{"rendered":"\t\t<div data-elementor-type=\"wp-page\" data-elementor-id=\"1535\" class=\"elementor elementor-1535\">\n\t\t\t\t\t\t<section class=\"elementor-section elementor-top-section elementor-element elementor-element-6bfa1e760 elementor-section-boxed elementor-section-height-default elementor-section-height-default wpr-particle-no wpr-jarallax-no wpr-parallax-no wpr-sticky-section-no\" data-id=\"6bfa1e760\" data-element_type=\"section\" data-settings=\"{&quot;background_background&quot;:&quot;classic&quot;}\">\n\t\t\t\t\t\t\t<div class=\"elementor-background-overlay\"><\/div>\n\t\t\t\t\t\t\t<div class=\"elementor-container elementor-column-gap-default\">\n\t\t\t\t\t<div class=\"elementor-column elementor-col-100 elementor-top-column elementor-element elementor-element-582e9c6b\" data-id=\"582e9c6b\" data-element_type=\"column\">\n\t\t\t<div class=\"elementor-widget-wrap elementor-element-populated\">\n\t\t\t\t\t\t<div class=\"elementor-element elementor-element-78ff285e elementor-widget elementor-widget-heading\" data-id=\"78ff285e\" data-element_type=\"widget\" data-widget_type=\"heading.default\">\n\t\t\t\t<div class=\"elementor-widget-container\">\n\t\t\t<h2 class=\"elementor-heading-title elementor-size-default\">Kompletna Monta\u017ea Kuhinja<\/h2>\t\t<\/div>\n\t\t\t\t<\/div>\n\t\t\t\t\t<\/div>\n\t\t<\/div>\n\t\t\t\t\t<\/div>\n\t\t<\/section>\n\t\t\t\t<section class=\"elementor-section elementor-top-section elementor-element elementor-element-3473797 elementor-section-boxed elementor-section-height-default elementor-section-height-default wpr-particle-no wpr-jarallax-no wpr-parallax-no wpr-sticky-section-no\" data-id=\"3473797\" data-element_type=\"section\">\n\t\t\t\t\t\t<div class=\"elementor-container elementor-column-gap-default\">\n\t\t\t\t\t<div class=\"elementor-column elementor-col-50 elementor-top-column elementor-element elementor-element-43d75a75\" data-id=\"43d75a75\" data-element_type=\"column\">\n\t\t\t<div class=\"elementor-widget-wrap elementor-element-populated\">\n\t\t\t\t\t\t<div class=\"elementor-element elementor-element-86d0804 elementor-widget elementor-widget-heading\" data-id=\"86d0804\" data-element_type=\"widget\" data-widget_type=\"heading.default\">\n\t\t\t\t<div class=\"elementor-widget-container\">\n\t\t\t<h2 class=\"elementor-heading-title elementor-size-default\">Monta\u017ea Kuhinja Split<\/h2>\t\t<\/div>\n\t\t\t\t<\/div>\n\t\t\t\t<div class=\"elementor-element elementor-element-44043f6e elementor-widget elementor-widget-heading\" data-id=\"44043f6e\" data-element_type=\"widget\" data-widget_type=\"heading.default\">\n\t\t\t\t<div class=\"elementor-widget-container\">\n\t\t\t<h2 class=\"elementor-heading-title elementor-size-default\">U\u010dinite Svoj Prostoru Funkcionalnim i Estetskim<\/h2>\t\t<\/div>\n\t\t\t\t<\/div>\n\t\t\t\t<div class=\"elementor-element elementor-element-5cec74f1 elementor-widget-divider--view-line elementor-widget elementor-widget-divider\" data-id=\"5cec74f1\" data-element_type=\"widget\" data-widget_type=\"divider.default\">\n\t\t\t\t<div class=\"elementor-widget-container\">\n\t\t\t\t\t<div class=\"elementor-divider\">\n\t\t\t<span class=\"elementor-divider-separator\">\n\t\t\t\t\t\t<\/span>\n\t\t<\/div>\n\t\t\t\t<\/div>\n\t\t\t\t<\/div>\n\t\t\t\t<div class=\"elementor-element elementor-element-7e67f8c1 elementor-widget elementor-widget-text-editor\" data-id=\"7e67f8c1\" data-element_type=\"widget\" data-widget_type=\"text-editor.default\">\n\t\t\t\t<div class=\"elementor-widget-container\">\n\t\t\t\t\t\t\t<p>Svaka kuhinja je srce doma, mjesto gdje se okupljamo s obitelji i prijateljima. Zato je va\u017eno da va\u0161a kuhinja bude ne samo lijepa, ve\u0107 i funkcionalna. Kompletna monta\u017ea kuhinja mo\u017ee vam pomo\u0107i da ostvarite svoj san o idealnom prostoru.<\/p><h4>\u0160ta obuhva\u0107a kompletna monta\u017ea kuhinja?<\/h4><p>Kompletna monta\u017ea kuhinja uklju\u010duje sve aspekte postavljanja i ugradnje kuhinjskog namje\u0161taja. Ovo uklju\u010duje:<\/p><ul><li><p><strong>Planiranje prostora<\/strong>: Prvo i osnovno, na\u0161 tim stru\u010dnjaka \u0107e se pobrinuti da se va\u0161a kuhinja maksimalno iskoristi. Uzimamo u obzir dimenzije, oblik i potrebe va\u0161eg doma.<\/p><\/li><li><p><strong>Ugradnja kuhinjskog name\u0161taja<\/strong>: Bilo da se radi o ugradnim ormarima, radnim povr\u0161inama ili kuhinjskim aparatima, na\u0161 tim \u0107e osigurati da svaki deo bude savr\u0161eno postavljen.<\/p><\/li><li><p><strong>Instalacija vodovodnih i elektri\u010dnih instalacija<\/strong>: Uklju\u010dujemo sve potrebne instalacije kako bismo osigurali da va\u0161a kuhinja bude funkcionalna i sigurna.<\/p><\/li><li><p><strong>Finalizacija i dekoracija<\/strong>: Nakon \u0161to je sve montirano, poma\u017eemo vam da dodate zavr\u0161ne detalje koji \u0107e va\u0161oj kuhinji dati li\u010dni pe\u010dat.<\/p><\/li><\/ul>\t\t\t\t\t\t<\/div>\n\t\t\t\t<\/div>\n\t\t\t\t<div class=\"elementor-element elementor-element-d0633d7 wpr-button-icon-style-inline wpr-button-icon-position-right elementor-widget elementor-widget-wpr-button\" data-id=\"d0633d7\" data-element_type=\"widget\" data-widget_type=\"wpr-button.default\">\n\t\t\t\t<div class=\"elementor-widget-container\">\n\t\t\t\t\n\t\t\t\n\t\t\n\t\t<div class=\"wpr-button-wrap elementor-clearfix\">\n\t\t<a class=\"wpr-button wpr-button-effect wpr-button-none\" data-text=\"Go\" href=\"tel:%20095%20388%205892\">\n\t\t\t\n\t\t\t<span class=\"wpr-button-content\">\n\t\t\t\t\t\t\t\t\t<span class=\"wpr-button-text\">095 388 5892<\/span>\n\t\t\t\t\t\t\t\t\n\t\t\t\t\t\t\t<\/span>\n\t\t<\/a>\n\n\t\t\t\t<\/div>\n\t\n\t\n\t\t\t<\/div>\n\t\t\t\t<\/div>\n\t\t\t\t\t<\/div>\n\t\t<\/div>\n\t\t\t\t<div class=\"elementor-column elementor-col-50 elementor-top-column elementor-element elementor-element-450b19d1\" data-id=\"450b19d1\" data-element_type=\"column\">\n\t\t\t<div class=\"elementor-widget-wrap elementor-element-populated\">\n\t\t\t\t\t\t<div class=\"elementor-element elementor-element-62b3565e elementor-widget elementor-widget-image\" data-id=\"62b3565e\" data-element_type=\"widget\" data-widget_type=\"image.default\">\n\t\t\t\t<div class=\"elementor-widget-container\">\n\t\t\t\t\t\t\t\t\t\t\t\t\t<img fetchpriority=\"high\" decoding=\"async\" width=\"960\" height=\"636\" src=\"https:\/\/tovar-prijevoz-selidbe.hr\/wp-content\/uploads\/2024\/09\/Furniture-Assembly-Tips2-1024x678.jpg\" class=\"attachment-large size-large wp-image-1233\" alt=\"\" srcset=\"https:\/\/tovar-prijevoz-selidbe.hr\/wp-content\/uploads\/2024\/09\/Furniture-Assembly-Tips2-1024x678.jpg 1024w, https:\/\/tovar-prijevoz-selidbe.hr\/wp-content\/uploads\/2024\/09\/Furniture-Assembly-Tips2-300x199.jpg 300w, https:\/\/tovar-prijevoz-selidbe.hr\/wp-content\/uploads\/2024\/09\/Furniture-Assembly-Tips2-768x509.jpg 768w, https:\/\/tovar-prijevoz-selidbe.hr\/wp-content\/uploads\/2024\/09\/Furniture-Assembly-Tips2.jpg 1200w\" sizes=\"(max-width: 960px) 100vw, 960px\" \/>\t\t\t\t\t\t\t\t\t\t\t\t\t<\/div>\n\t\t\t\t<\/div>\n\t\t\t\t<div class=\"elementor-element elementor-element-d64227d elementor-widget elementor-widget-image\" data-id=\"d64227d\" data-element_type=\"widget\" data-widget_type=\"image.default\">\n\t\t\t\t<div class=\"elementor-widget-container\">\n\t\t\t\t\t\t\t\t\t\t\t\t\t<img decoding=\"async\" width=\"960\" height=\"640\" src=\"https:\/\/tovar-prijevoz-selidbe.hr\/wp-content\/uploads\/2024\/10\/savrsena-montaza00010-1024x683-1.jpg\" class=\"attachment-large size-large wp-image-1578\" alt=\"\" srcset=\"https:\/\/tovar-prijevoz-selidbe.hr\/wp-content\/uploads\/2024\/10\/savrsena-montaza00010-1024x683-1.jpg 1024w, https:\/\/tovar-prijevoz-selidbe.hr\/wp-content\/uploads\/2024\/10\/savrsena-montaza00010-1024x683-1-300x200.jpg 300w, https:\/\/tovar-prijevoz-selidbe.hr\/wp-content\/uploads\/2024\/10\/savrsena-montaza00010-1024x683-1-768x512.jpg 768w\" sizes=\"(max-width: 960px) 100vw, 960px\" \/>\t\t\t\t\t\t\t\t\t\t\t\t\t<\/div>\n\t\t\t\t<\/div>\n\t\t\t\t\t<\/div>\n\t\t<\/div>\n\t\t\t\t\t<\/div>\n\t\t<\/section>\n\t\t\t\t<section class=\"elementor-section elementor-top-section elementor-element elementor-element-3b6a624f elementor-section-boxed elementor-section-height-default elementor-section-height-default wpr-particle-no wpr-jarallax-no wpr-parallax-no wpr-sticky-section-no\" data-id=\"3b6a624f\" data-element_type=\"section\">\n\t\t\t\t\t\t<div class=\"elementor-container elementor-column-gap-wide\">\n\t\t\t\t\t<div class=\"elementor-column elementor-col-50 elementor-top-column elementor-element elementor-element-4a060bd0\" data-id=\"4a060bd0\" data-element_type=\"column\">\n\t\t\t<div class=\"elementor-widget-wrap elementor-element-populated\">\n\t\t\t\t\t\t<div class=\"elementor-element elementor-element-57dc852 elementor-widget elementor-widget-image\" data-id=\"57dc852\" data-element_type=\"widget\" data-widget_type=\"image.default\">\n\t\t\t\t<div class=\"elementor-widget-container\">\n\t\t\t\t\t\t\t\t\t\t\t\t\t<img decoding=\"async\" width=\"800\" height=\"490\" src=\"https:\/\/tovar-prijevoz-selidbe.hr\/wp-content\/uploads\/2024\/10\/kuhinja.jpg\" class=\"attachment-large size-large wp-image-1579\" alt=\"\" srcset=\"https:\/\/tovar-prijevoz-selidbe.hr\/wp-content\/uploads\/2024\/10\/kuhinja.jpg 800w, https:\/\/tovar-prijevoz-selidbe.hr\/wp-content\/uploads\/2024\/10\/kuhinja-300x184.jpg 300w, https:\/\/tovar-prijevoz-selidbe.hr\/wp-content\/uploads\/2024\/10\/kuhinja-768x470.jpg 768w\" sizes=\"(max-width: 800px) 100vw, 800px\" \/>\t\t\t\t\t\t\t\t\t\t\t\t\t<\/div>\n\t\t\t\t<\/div>\n\t\t\t\t\t<\/div>\n\t\t<\/div>\n\t\t\t\t<div class=\"elementor-column elementor-col-50 elementor-top-column elementor-element elementor-element-70e8dd8c\" data-id=\"70e8dd8c\" data-element_type=\"column\">\n\t\t\t<div class=\"elementor-widget-wrap elementor-element-populated\">\n\t\t\t\t\t\t<div class=\"elementor-element elementor-element-fac6a2f elementor-widget elementor-widget-heading\" data-id=\"fac6a2f\" data-element_type=\"widget\" data-widget_type=\"heading.default\">\n\t\t\t\t<div class=\"elementor-widget-container\">\n\t\t\t<h2 class=\"elementor-heading-title elementor-size-default\">Monta\u017ea Kuhinja Split<\/h2>\t\t<\/div>\n\t\t\t\t<\/div>\n\t\t\t\t<div class=\"elementor-element elementor-element-7c72eb3f elementor-widget-divider--view-line elementor-widget elementor-widget-divider\" data-id=\"7c72eb3f\" data-element_type=\"widget\" data-widget_type=\"divider.default\">\n\t\t\t\t<div class=\"elementor-widget-container\">\n\t\t\t\t\t<div class=\"elementor-divider\">\n\t\t\t<span class=\"elementor-divider-separator\">\n\t\t\t\t\t\t<\/span>\n\t\t<\/div>\n\t\t\t\t<\/div>\n\t\t\t\t<\/div>\n\t\t\t\t<div class=\"elementor-element elementor-element-5c08d089 elementor-widget elementor-widget-text-editor\" data-id=\"5c08d089\" data-element_type=\"widget\" data-widget_type=\"text-editor.default\">\n\t\t\t\t<div class=\"elementor-widget-container\">\n\t\t\t\t\t\t\t<h4>Za\u0161to izabrati profesionalnu monta\u017eu?<\/h4>\n<p><\/p>\n<p><strong>Iskustvo i stru\u010dnost<\/strong>: Na\u0161 tim ima dugogodi\u0161nje iskustvo u monta\u017ei kuhinja, \u0161to garantira kvalitetan rad.<\/p>\n<p><strong>U\u0161teda vremena<\/strong>: Profesionalci \u0107e obaviti posao br\u017ee i efikasnije nego \u0161to biste to mogli sami.<\/p>\n<p><strong>Sigurnost<\/strong>: Monta\u017ea kuhinjskih aparata i instalacija zahtjeva odre\u0111ene vje\u0161tine; prepu\u0161tanjem ovog posla stru\u010dnjacima, osiguravate sigurnost svog doma.<\/p>\t\t\t\t\t\t<\/div>\n\t\t\t\t<\/div>\n\t\t\t\t\t<\/div>\n\t\t<\/div>\n\t\t\t\t\t<\/div>\n\t\t<\/section>\n\t\t\t\t<section class=\"elementor-section elementor-top-section elementor-element elementor-element-9851213 elementor-section-height-min-height elementor-section-boxed elementor-section-height-default elementor-section-items-middle wpr-particle-no wpr-jarallax-no wpr-parallax-no wpr-sticky-section-no\" data-id=\"9851213\" data-element_type=\"section\" data-settings=\"{&quot;background_background&quot;:&quot;classic&quot;}\">\n\t\t\t\t\t\t\t<div class=\"elementor-background-overlay\"><\/div>\n\t\t\t\t\t\t\t<div class=\"elementor-container elementor-column-gap-default\">\n\t\t\t\t\t<div class=\"elementor-column elementor-col-100 elementor-top-column elementor-element elementor-element-1da3e467\" data-id=\"1da3e467\" data-element_type=\"column\">\n\t\t\t<div class=\"elementor-widget-wrap elementor-element-populated\">\n\t\t\t\t\t\t<div class=\"elementor-element elementor-element-8d6c3d3 elementor-widget elementor-widget-heading\" data-id=\"8d6c3d3\" data-element_type=\"widget\" data-widget_type=\"heading.default\">\n\t\t\t\t<div class=\"elementor-widget-container\">\n\t\t\t<h2 class=\"elementor-heading-title elementor-size-default\">Monta\u017ea Kuhinja Split<\/h2>\t\t<\/div>\n\t\t\t\t<\/div>\n\t\t\t\t<div class=\"elementor-element elementor-element-7aebf6e2 elementor-widget elementor-widget-heading\" data-id=\"7aebf6e2\" data-element_type=\"widget\" data-widget_type=\"heading.default\">\n\t\t\t\t<div class=\"elementor-widget-container\">\n\t\t\t<h2 class=\"elementor-heading-title elementor-size-default\">Kompletna monta\u017ea kuhinja je investicija u va\u0161 dom koja mo\u017ee zna\u010dajno pobolj\u0161ati funkcionalnost i estetiku prostora.<\/h2>\t\t<\/div>\n\t\t\t\t<\/div>\n\t\t\t\t<div class=\"elementor-element elementor-element-2671aec7 elementor-widget-divider--view-line elementor-widget elementor-widget-divider\" data-id=\"2671aec7\" data-element_type=\"widget\" data-widget_type=\"divider.default\">\n\t\t\t\t<div class=\"elementor-widget-container\">\n\t\t\t\t\t<div class=\"elementor-divider\">\n\t\t\t<span class=\"elementor-divider-separator\">\n\t\t\t\t\t\t<\/span>\n\t\t<\/div>\n\t\t\t\t<\/div>\n\t\t\t\t<\/div>\n\t\t\t\t\t<\/div>\n\t\t<\/div>\n\t\t\t\t\t<\/div>\n\t\t<\/section>\n\t\t\t\t<\/div>\n\t\t","protected":false},"excerpt":{"rendered":"<p>Kompletna Monta\u017ea Kuhinja Monta\u017ea Kuhinja Split U\u010dinite Svoj Prostoru Funkcionalnim i Estetskim Svaka kuhinja je srce doma, mjesto gdje se okupljamo s obitelji i prijateljima. Zato je va\u017eno da va\u0161a kuhinja bude ne samo lijepa, ve\u0107 i funkcionalna. Kompletna monta\u017ea kuhinja mo\u017ee vam pomo\u0107i da ostvarite svoj san o idealnom prostoru. \u0160ta obuhva\u0107a kompletna monta\u017ea kuhinja? Kompletna monta\u017ea kuhinja uklju\u010duje sve aspekte postavljanja i ugradnje kuhinjskog namje\u0161taja. Ovo uklju\u010duje: Planiranje prostora: Prvo i osnovno, na\u0161 tim stru\u010dnjaka \u0107e se pobrinuti da se va\u0161a kuhinja maksimalno iskoristi. Uzimamo u obzir dimenzije, oblik i potrebe va\u0161eg doma. Ugradnja kuhinjskog name\u0161taja: Bilo da se radi o ugradnim ormarima, radnim povr\u0161inama ili kuhinjskim aparatima, na\u0161 tim \u0107e osigurati da svaki deo bude savr\u0161eno postavljen. Instalacija vodovodnih i elektri\u010dnih instalacija: Uklju\u010dujemo sve potrebne instalacije kako bismo osigurali da va\u0161a kuhinja bude funkcionalna i sigurna. Finalizacija i dekoracija: Nakon \u0161to je sve montirano, poma\u017eemo vam da dodate zavr\u0161ne detalje koji \u0107e va\u0161oj kuhinji dati li\u010dni pe\u010dat. 095 388 5892 Monta\u017ea Kuhinja Split Za\u0161to izabrati profesionalnu monta\u017eu? Iskustvo i stru\u010dnost: Na\u0161 tim ima dugogodi\u0161nje iskustvo u monta\u017ei kuhinja, \u0161to garantira kvalitetan rad. U\u0161teda vremena: Profesionalci \u0107e obaviti posao br\u017ee i efikasnije nego \u0161to biste to mogli sami. Sigurnost: Monta\u017ea kuhinjskih aparata i instalacija zahtjeva odre\u0111ene vje\u0161tine; prepu\u0161tanjem ovog posla stru\u010dnjacima, osiguravate sigurnost svog doma. Monta\u017ea Kuhinja Split Kompletna monta\u017ea kuhinja je investicija u va\u0161 dom koja mo\u017ee zna\u010dajno pobolj\u0161ati funkcionalnost i estetiku prostora.<\/p>\n","protected":false},"author":1,"featured_media":0,"parent":0,"menu_order":0,"comment_status":"closed","ping_status":"closed","template":"","meta":{"om_disable_all_campaigns":false,"_monsterinsights_skip_tracking":false,"_monsterinsights_sitenote_active":false,"_monsterinsights_sitenote_note":"","_monsterinsights_sitenote_category":0,"footnotes":""},"class_list":["post-1535","page","type-page","status-publish","hentry"],"aioseo_notices":[],"_links":{"self":[{"href":"https:\/\/tovar-prijevoz-selidbe.hr\/index.php\/wp-json\/wp\/v2\/pages\/1535","targetHints":{"allow":["GET"]}}],"collection":[{"href":"https:\/\/tovar-prijevoz-selidbe.hr\/index.php\/wp-json\/wp\/v2\/pages"}],"about":[{"href":"https:\/\/tovar-prijevoz-selidbe.hr\/index.php\/wp-json\/wp\/v2\/types\/page"}],"author":[{"embeddable":true,"href":"https:\/\/tovar-prijevoz-selidbe.hr\/index.php\/wp-json\/wp\/v2\/users\/1"}],"replies":[{"embeddable":true,"href":"https:\/\/tovar-prijevoz-selidbe.hr\/index.php\/wp-json\/wp\/v2\/comments?post=1535"}],"version-history":[{"count":19,"href":"https:\/\/tovar-prijevoz-selidbe.hr\/index.php\/wp-json\/wp\/v2\/pages\/1535\/revisions"}],"predecessor-version":[{"id":1707,"href":"https:\/\/tovar-prijevoz-selidbe.hr\/index.php\/wp-json\/wp\/v2\/pages\/1535\/revisions\/1707"}],"wp:attachment":[{"href":"https:\/\/tovar-prijevoz-selidbe.hr\/index.php\/wp-json\/wp\/v2\/media?parent=1535"}],"curies":[{"name":"wp","href":"https:\/\/api.w.org\/{rel}","templated":true}]}}