{"id":1532,"date":"2024-10-04T10:49:05","date_gmt":"2024-10-04T10:49:05","guid":{"rendered":"https:\/\/tovar-prijevoz-selidbe.hr\/?page_id=1532"},"modified":"2024-10-04T11:11:21","modified_gmt":"2024-10-04T11:11:21","slug":"montaza-namjestaja","status":"publish","type":"page","link":"https:\/\/tovar-prijevoz-selidbe.hr\/index.php\/montaza-namjestaja\/","title":{"rendered":"Monta\u017ea Namje\u0161taja"},"content":{"rendered":"\t\t<div data-elementor-type=\"wp-page\" data-elementor-id=\"1532\" class=\"elementor elementor-1532\">\n\t\t\t\t\t\t<section class=\"elementor-section elementor-top-section elementor-element elementor-element-5fcfc3220 elementor-section-boxed elementor-section-height-default elementor-section-height-default wpr-particle-no wpr-jarallax-no wpr-parallax-no wpr-sticky-section-no\" data-id=\"5fcfc3220\" data-element_type=\"section\" data-settings=\"{&quot;background_background&quot;:&quot;classic&quot;}\">\n\t\t\t\t\t\t\t<div class=\"elementor-background-overlay\"><\/div>\n\t\t\t\t\t\t\t<div class=\"elementor-container elementor-column-gap-default\">\n\t\t\t\t\t<div class=\"elementor-column elementor-col-100 elementor-top-column elementor-element elementor-element-61ad1c6a\" data-id=\"61ad1c6a\" data-element_type=\"column\">\n\t\t\t<div class=\"elementor-widget-wrap elementor-element-populated\">\n\t\t\t\t\t\t<div class=\"elementor-element elementor-element-1264faf1 elementor-widget elementor-widget-heading\" data-id=\"1264faf1\" data-element_type=\"widget\" data-widget_type=\"heading.default\">\n\t\t\t\t<div class=\"elementor-widget-container\">\n\t\t\t<h2 class=\"elementor-heading-title elementor-size-default\">Monta\u017ea Namje\u0161taja u Splitu<\/h2>\t\t<\/div>\n\t\t\t\t<\/div>\n\t\t\t\t<div class=\"elementor-element elementor-element-e2522ca elementor-widget elementor-widget-text-editor\" data-id=\"e2522ca\" data-element_type=\"widget\" data-widget_type=\"text-editor.default\">\n\t\t\t\t<div class=\"elementor-widget-container\">\n\t\t\t\t\t\t\t<p>Brzo i Profesionalno Rje\u0161enje<\/p>\t\t\t\t\t\t<\/div>\n\t\t\t\t<\/div>\n\t\t\t\t\t<\/div>\n\t\t<\/div>\n\t\t\t\t\t<\/div>\n\t\t<\/section>\n\t\t\t\t<section class=\"elementor-section elementor-top-section elementor-element elementor-element-2a922829 elementor-section-boxed elementor-section-height-default elementor-section-height-default wpr-particle-no wpr-jarallax-no wpr-parallax-no wpr-sticky-section-no\" data-id=\"2a922829\" data-element_type=\"section\">\n\t\t\t\t\t\t<div class=\"elementor-container elementor-column-gap-wide\">\n\t\t\t\t\t<div class=\"elementor-column elementor-col-50 elementor-top-column elementor-element elementor-element-5361b723 elementor-invisible\" data-id=\"5361b723\" data-element_type=\"column\" data-settings=\"{&quot;animation&quot;:&quot;slideInLeft&quot;}\">\n\t\t\t<div class=\"elementor-widget-wrap elementor-element-populated\">\n\t\t\t\t\t\t<div class=\"elementor-element elementor-element-35c74f4e elementor-widget elementor-widget-heading\" data-id=\"35c74f4e\" data-element_type=\"widget\" data-widget_type=\"heading.default\">\n\t\t\t\t<div class=\"elementor-widget-container\">\n\t\t\t<h2 class=\"elementor-heading-title elementor-size-default\">Monta\u017ea Namje\u0161taja Split<\/h2>\t\t<\/div>\n\t\t\t\t<\/div>\n\t\t\t\t<div class=\"elementor-element elementor-element-5ad5db96 elementor-widget elementor-widget-heading\" data-id=\"5ad5db96\" data-element_type=\"widget\" data-widget_type=\"heading.default\">\n\t\t\t\t<div class=\"elementor-widget-container\">\n\t\t\t<h2 class=\"elementor-heading-title elementor-size-default\">Uvod u Monta\u017eu Namje\u0161taja<\/h2>\t\t<\/div>\n\t\t\t\t<\/div>\n\t\t\t\t<div class=\"elementor-element elementor-element-42221edb elementor-widget elementor-widget-text-editor\" data-id=\"42221edb\" data-element_type=\"widget\" data-widget_type=\"text-editor.default\">\n\t\t\t\t<div class=\"elementor-widget-container\">\n\t\t\t\t\t\t\t<p>Monta\u017ea namje\u0161taja mo\u017ee biti izazovan zadatak, posebno kada se radi o slo\u017eenim komadima ili velikim prostorima. Na\u0161a usluga monta\u017ee namje\u0161taja u Splitu pru\u017ea vam brzinu, efikasnost i stru\u010dnost koju trebate. Bez obzira na to radi li se o novom ili starom namje\u0161taju, na\u0161 tim stru\u010dnjaka osigurava da sve bude pravilno i sigurno montirano.<\/p><h4><strong>Iskusni Profesionalci<\/strong><\/h4><p>Na\u0161 tim sastoji se od iskusnih monta\u017eera koji poznaju sve aspekte monta\u017ee namje\u0161taja. Bilo da se radi o kuhinjskim elementima, dnevnim boravcima ili spava\u0107im sobama, mo\u017eemo se nositi sa svim izazovima.<\/p><h4><strong>Brzina i U\u010dinkovitost<\/strong><\/h4><p>Zbog na\u0161e posve\u0107enosti klijentima, nastojimo izvr\u0161iti monta\u017eu u najkra\u0107em mogu\u0107em roku. Kontaktirajte nas i dogovorite termin koji vam najvi\u0161e odgovara.<\/p>\t\t\t\t\t\t<\/div>\n\t\t\t\t<\/div>\n\t\t\t\t<div class=\"elementor-element elementor-element-7f947599 wpr-button-icon-style-inline wpr-button-icon-position-right elementor-widget elementor-widget-wpr-button\" data-id=\"7f947599\" data-element_type=\"widget\" data-widget_type=\"wpr-button.default\">\n\t\t\t\t<div class=\"elementor-widget-container\">\n\t\t\t\t\n\t\t\t\n\t\t\n\t\t<div class=\"wpr-button-wrap elementor-clearfix\">\n\t\t<a class=\"wpr-button wpr-button-effect wpr-button-none\" data-text=\"Go\" href=\"#link\">\n\t\t\t\n\t\t\t<span class=\"wpr-button-content\">\n\t\t\t\t\t\t\t\t\t<span class=\"wpr-button-text\">Discover More<\/span>\n\t\t\t\t\t\t\t\t\n\t\t\t\t\t\t\t<\/span>\n\t\t<\/a>\n\n\t\t\t\t<\/div>\n\t\n\t\n\t\t\t<\/div>\n\t\t\t\t<\/div>\n\t\t\t\t\t<\/div>\n\t\t<\/div>\n\t\t\t\t<div class=\"elementor-column elementor-col-50 elementor-top-column elementor-element elementor-element-60e2d20 elementor-invisible\" data-id=\"60e2d20\" data-element_type=\"column\" data-settings=\"{&quot;animation&quot;:&quot;slideInRight&quot;}\">\n\t\t\t<div class=\"elementor-widget-wrap elementor-element-populated\">\n\t\t\t\t\t\t<div class=\"elementor-element elementor-element-31b9c2b elementor-widget elementor-widget-image\" data-id=\"31b9c2b\" data-element_type=\"widget\" data-widget_type=\"image.default\">\n\t\t\t\t<div class=\"elementor-widget-container\">\n\t\t\t\t\t\t\t\t\t\t\t\t\t<img fetchpriority=\"high\" decoding=\"async\" width=\"730\" height=\"545\" src=\"https:\/\/tovar-prijevoz-selidbe.hr\/wp-content\/uploads\/2024\/09\/article-1-177-730.jpg\" class=\"attachment-large size-large wp-image-1273\" alt=\"\" srcset=\"https:\/\/tovar-prijevoz-selidbe.hr\/wp-content\/uploads\/2024\/09\/article-1-177-730.jpg 730w, https:\/\/tovar-prijevoz-selidbe.hr\/wp-content\/uploads\/2024\/09\/article-1-177-730-300x224.jpg 300w\" sizes=\"(max-width: 730px) 100vw, 730px\" \/>\t\t\t\t\t\t\t\t\t\t\t\t\t<\/div>\n\t\t\t\t<\/div>\n\t\t\t\t\t<\/div>\n\t\t<\/div>\n\t\t\t\t\t<\/div>\n\t\t<\/section>\n\t\t\t\t<section class=\"elementor-section elementor-top-section elementor-element elementor-element-965e8a8 elementor-section-boxed elementor-section-height-default elementor-section-height-default wpr-particle-no wpr-jarallax-no wpr-parallax-no wpr-sticky-section-no\" data-id=\"965e8a8\" data-element_type=\"section\">\n\t\t\t\t\t\t\t<div class=\"elementor-background-overlay\"><\/div>\n\t\t\t\t\t\t\t<div class=\"elementor-container elementor-column-gap-default\">\n\t\t\t\t\t<div class=\"elementor-column elementor-col-100 elementor-top-column elementor-element elementor-element-68c72208 elementor-invisible\" data-id=\"68c72208\" data-element_type=\"column\" data-settings=\"{&quot;animation&quot;:&quot;fadeIn&quot;}\">\n\t\t\t<div class=\"elementor-widget-wrap elementor-element-populated\">\n\t\t\t\t\t\t<section class=\"elementor-section elementor-inner-section elementor-element elementor-element-3ffcce53 elementor-section-boxed elementor-section-height-default elementor-section-height-default wpr-particle-no wpr-jarallax-no wpr-parallax-no wpr-sticky-section-no\" data-id=\"3ffcce53\" data-element_type=\"section\">\n\t\t\t\t\t\t<div class=\"elementor-container elementor-column-gap-default\">\n\t\t\t\t\t<div class=\"elementor-column elementor-col-100 elementor-inner-column elementor-element elementor-element-642ad075\" data-id=\"642ad075\" data-element_type=\"column\">\n\t\t\t<div class=\"elementor-widget-wrap elementor-element-populated\">\n\t\t\t\t\t\t<div class=\"elementor-element elementor-element-4b9ac7d elementor-widget elementor-widget-heading\" data-id=\"4b9ac7d\" data-element_type=\"widget\" data-widget_type=\"heading.default\">\n\t\t\t\t<div class=\"elementor-widget-container\">\n\t\t\t<h2 class=\"elementor-heading-title elementor-size-default\">Monta\u017ea Namje\u0161taja Split<\/h2>\t\t<\/div>\n\t\t\t\t<\/div>\n\t\t\t\t<div class=\"elementor-element elementor-element-3fc499d1 elementor-widget elementor-widget-heading\" data-id=\"3fc499d1\" data-element_type=\"widget\" data-widget_type=\"heading.default\">\n\t\t\t\t<div class=\"elementor-widget-container\">\n\t\t\t<h2 class=\"elementor-heading-title elementor-size-default\">Na\u0161e Ostale Usluge<\/h2>\t\t<\/div>\n\t\t\t\t<\/div>\n\t\t\t\t\t<\/div>\n\t\t<\/div>\n\t\t\t\t\t<\/div>\n\t\t<\/section>\n\t\t\t\t<div class=\"elementor-element elementor-element-e725fbc wpr-list-style-none elementor-widget elementor-widget-wpr-posts-timeline\" data-id=\"e725fbc\" data-element_type=\"widget\" data-settings=\"{&quot;swiper_speed&quot;:500}\" data-widget_type=\"wpr-posts-timeline.default\">\n\t\t\t\t<div class=\"elementor-widget-container\">\n\t\t\t<div class=\"wpr-timeline-outer-container\"><div class=\"wpr-wrapper swiper wpr-horizontal-bottom\" dir=\"\" data-slidestoshow = \"3\" data-autoplay=\"\" data-loop=\"\" data-swiper-speed=\"500\" data-swiper-delay=\"0\" data-swiper-poh=\"\" data-swiper-space-between=\"5\"><div class=\"swiper-wrapper wpr-horizontal-bottom-timeline\"><div class=\"swiper-slide swiper-slide-line-top no elementor-repeater-item-940c2b5\"><div class=\"wpr-extra-label\" ><span class=\"wpr-label\" >Monta\u017ea Namje\u0161taja Split<\/span><\/div><div class=\"wpr-main-line-icon wpr-icon\"><i aria-hidden=\"true\" class=\"far fa-flag\"><\/i><\/div><div class=\"wpr-story-info \"><div class=\"wpr-timeline-content-wrapper\"><p class=\"wpr-title-wrap\"><span  class=\"wpr-title\">Kompletna Monta\u017ea Kuhinja<\/span><\/p><div class=\"wpr-description\"><p>Monta\u017ea kuhinje je slo\u017een proces koji zahtijeva preciznost i stru\u010dnost. Na\u0161a usluga kompletne monta\u017ee kuhinja u Splitu nudi vam sve \u0161to vam je potrebno za savr\u0161eno postavljanje va\u0161e nove kuhinje. Od pripreme prostora do finalnog pode\u0161avanja, na\u0161 tim stru\u010dnjaka brine se o svakom detalju.<\/p><\/div><\/div><\/div><\/div><div class=\"swiper-slide swiper-slide-line-top no elementor-repeater-item-a6de89e\"><div class=\"wpr-extra-label\" ><span class=\"wpr-label\" >Monta\u017ea Namje\u0161taja Split<\/span><\/div><div class=\"wpr-main-line-icon wpr-icon\"><i aria-hidden=\"true\" class=\"far fa-paper-plane\"><\/i><\/div><div class=\"wpr-story-info \"><div class=\"wpr-timeline-content-wrapper\"><p class=\"wpr-title-wrap\"><span  class=\"wpr-title\">Monta\u017ea Svog Ostalog Namje\u0161taja<\/span><\/p><div class=\"wpr-description\"><p>Monta\u017ea namje\u0161taja mo\u017ee biti izazovna, osobito kada se radi o razli\u010ditim komadima koji zahtijevaju specifi\u010dne vje\u0161tine. Na\u0161a usluga monta\u017ee ostalog namje\u0161taja u Splitu nudi vam sveobuhvatan pristup koji pokriva sve vrste namje\u0161taja, uklju\u010duju\u0107i krevete, ormare, komode i vi\u0161e.<\/p><\/div><\/div><\/div><\/div><div class=\"swiper-slide swiper-slide-line-top no elementor-repeater-item-47be66e\"><div class=\"wpr-extra-label\" ><span class=\"wpr-label\" >Monta\u017ea Namje\u0161taja Split<\/span><\/div><div class=\"wpr-main-line-icon wpr-icon\"><i aria-hidden=\"true\" class=\"far fa-lightbulb\"><\/i><\/div><div class=\"wpr-story-info \"><div class=\"wpr-timeline-content-wrapper\"><p class=\"wpr-title-wrap\"><span  class=\"wpr-title\">Monta\u017ea Tapeciranog Namje\u0161taja u Splitu<\/span><\/p><div class=\"wpr-description\"><p>Monta\u017ea tapeciranog namje\u0161taja mo\u017ee biti izazovan zadatak koji zahtijeva pa\u017enju na detalje i specifi\u010dne vje\u0161tine. Na\u0161a usluga monta\u017ee tapeciranog namje\u0161taja u Splitu nudi vam stru\u010dnu pomo\u0107 u postavljanju i montiranju svih vrsta tapeciranog namje\u0161taja, uklju\u010duju\u0107i sofe, fotelje, krevetne okvire i druge komade.<\/p><\/div><\/div><\/div><\/div><div class=\"swiper-slide swiper-slide-line-top no elementor-repeater-item-f4da282\"><div class=\"wpr-extra-label\" ><span class=\"wpr-label\" >Monta\u017ea Namje\u0161taja Split<\/span><\/div><div class=\"wpr-main-line-icon wpr-icon\"><i aria-hidden=\"true\" class=\"fas fa-bolt\"><\/i><\/div><div class=\"wpr-story-info \"><div class=\"wpr-timeline-content-wrapper\"><p class=\"wpr-title-wrap\"><span  class=\"wpr-title\">Uno\u0161enje Namje\u0161taja u Va\u0161 Stan u Splitu<\/span><\/p><div class=\"wpr-description\"><p>Uno\u0161enje namje\u0161taja mo\u017ee biti izazovan zadatak, osobito kada se radi o ve\u0107im komadima ili uskim prolazima. Na\u0161a usluga uno\u0161enja namje\u0161taja u va\u0161 stan u Splitu nudi vam brzu i sigurnu pomo\u0107 u transportu i postavljanju va\u0161eg namje\u0161taja, omogu\u0107uju\u0107i vam da se fokusirate na u\u017eivanje u novom prostoru.<\/p><h3>\u00a0<\/h3><\/div><\/div><\/div><\/div><\/div>\n\t\t\t<!-- Add Pagination -->        \n\t\t\t<div class=\"wpr-swiper-pagination\"><\/div>\n\t\t\t<!-- Add Arrows -->\n\t\t\t<div class=\"wpr-button-prev wpr-timeline-prev-arrow wpr-timeline-prev-e725fbc\">\n\t\t\t\t<svg version=\"1.1\" xmlns=\"http:\/\/www.w3.org\/2000\/svg\" xmlns:xlink=\"http:\/\/www.w3.org\/1999\/xlink\" x=\"0px\" y=\"0px\" viewBox=\"0 0 291.4 512\" style=\"enable-background:new 0 0 291.4 512;\" xml:space=\"preserve\"><g><path class=\"st0\" d=\"M281.1,451.5c13.8,13.8,13.8,36.3,0,50.1c-13.8,13.8-36.3,13.8-50.1,0L10.4,281C3.5,274.1,0,265.1,0,256c0-9.1,3.5-18.1,10.4-25L231,10.4c13.8-13.8,36.3-13.8,50.1,0c6.9,6.9,10.4,16,10.4,25s-3.5,18.1-10.4,25L85.5,256L281.1,451.5z\"\/><\/g><\/svg>\n\t\t\t<\/div>\n\t\t\t<div class=\"wpr-button-next wpr-timeline-next-arrow wpr-timeline-next-e725fbc\">\n\t\t\t\t<svg version=\"1.1\" xmlns=\"http:\/\/www.w3.org\/2000\/svg\" xmlns:xlink=\"http:\/\/www.w3.org\/1999\/xlink\" x=\"0px\" y=\"0px\" viewBox=\"0 0 291.4 512\" style=\"enable-background:new 0 0 291.4 512;\" xml:space=\"preserve\"><g><path class=\"st0\" d=\"M281.1,451.5c13.8,13.8,13.8,36.3,0,50.1c-13.8,13.8-36.3,13.8-50.1,0L10.4,281C3.5,274.1,0,265.1,0,256c0-9.1,3.5-18.1,10.4-25L231,10.4c13.8-13.8,36.3-13.8,50.1,0c6.9,6.9,10.4,16,10.4,25s-3.5,18.1-10.4,25L85.5,256L281.1,451.5z\"\/><\/g><\/svg>\n\t\t\t<\/div>\n\t\t<\/div><\/div>\t\t<\/div>\n\t\t\t\t<\/div>\n\t\t\t\t\t<\/div>\n\t\t<\/div>\n\t\t\t\t\t<\/div>\n\t\t<\/section>\n\t\t\t\t<section class=\"elementor-section elementor-top-section elementor-element elementor-element-41279103 elementor-section-boxed elementor-section-height-default elementor-section-height-default wpr-particle-no wpr-jarallax-no wpr-parallax-no wpr-sticky-section-no\" data-id=\"41279103\" data-element_type=\"section\">\n\t\t\t\t\t\t<div class=\"elementor-container elementor-column-gap-default\">\n\t\t\t\t\t<div class=\"elementor-column elementor-col-50 elementor-top-column elementor-element elementor-element-42b51eb elementor-invisible\" data-id=\"42b51eb\" data-element_type=\"column\" data-settings=\"{&quot;animation&quot;:&quot;slideInLeft&quot;}\">\n\t\t\t<div class=\"elementor-widget-wrap elementor-element-populated\">\n\t\t\t\t\t\t<div class=\"elementor-element elementor-element-b647cce elementor-widget elementor-widget-heading\" data-id=\"b647cce\" data-element_type=\"widget\" data-widget_type=\"heading.default\">\n\t\t\t\t<div class=\"elementor-widget-container\">\n\t\t\t<h2 class=\"elementor-heading-title elementor-size-default\">Monta\u017ea Namje\u0161taja Split<\/h2>\t\t<\/div>\n\t\t\t\t<\/div>\n\t\t\t\t<div class=\"elementor-element elementor-element-6f975d7e elementor-widget elementor-widget-heading\" data-id=\"6f975d7e\" data-element_type=\"widget\" data-widget_type=\"heading.default\">\n\t\t\t\t<div class=\"elementor-widget-container\">\n\t\t\t<h2 class=\"elementor-heading-title elementor-size-default\">Monta\u017ea Namje\u0161taja u Splitu: Dolazimo na Va\u0161u Adresu!<\/h2>\t\t<\/div>\n\t\t\t\t<\/div>\n\t\t\t\t<div class=\"elementor-element elementor-element-c5dd821 elementor-widget elementor-widget-text-editor\" data-id=\"c5dd821\" data-element_type=\"widget\" data-widget_type=\"text-editor.default\">\n\t\t\t\t<div class=\"elementor-widget-container\">\n\t\t\t\t\t\t\t<p>Monta\u017ea namje\u0161taja mo\u017ee biti izazovna, posebno kada se radi o velikim ili slo\u017eenim komadima. Na\u0161a usluga monta\u017ee namje\u0161taja u Splitu pru\u017ea vam prakti\u010dno rje\u0161enje: dolazimo direktno na va\u0161u adresu i profesionalno montiramo va\u0161 namje\u0161taj, \u0161tede\u0107i vam vrijeme i trud.<\/p>\t\t\t\t\t\t<\/div>\n\t\t\t\t<\/div>\n\t\t\t\t<div class=\"elementor-element elementor-element-68508281 wpr-button-icon-style-inline wpr-button-icon-position-right elementor-widget elementor-widget-wpr-button\" data-id=\"68508281\" data-element_type=\"widget\" data-widget_type=\"wpr-button.default\">\n\t\t\t\t<div class=\"elementor-widget-container\">\n\t\t\t\t\n\t\t\t\n\t\t\n\t\t<div class=\"wpr-button-wrap elementor-clearfix\">\n\t\t<a class=\"wpr-button wpr-button-effect wpr-button-none\" data-text=\"Go\" href=\"#link\">\n\t\t\t\n\t\t\t<span class=\"wpr-button-content\">\n\t\t\t\t\t\t\t\t\t<span class=\"wpr-button-text\">Discover More<\/span>\n\t\t\t\t\t\t\t\t\n\t\t\t\t\t\t\t<\/span>\n\t\t<\/a>\n\n\t\t\t\t<\/div>\n\t\n\t\n\t\t\t<\/div>\n\t\t\t\t<\/div>\n\t\t\t\t\t<\/div>\n\t\t<\/div>\n\t\t\t\t<div class=\"elementor-column elementor-col-50 elementor-top-column elementor-element elementor-element-2205b35 elementor-hidden-tablet elementor-hidden-mobile elementor-invisible\" data-id=\"2205b35\" data-element_type=\"column\" data-settings=\"{&quot;animation&quot;:&quot;slideInRight&quot;}\">\n\t\t\t<div class=\"elementor-widget-wrap elementor-element-populated\">\n\t\t\t\t\t\t<div class=\"elementor-element elementor-element-29442378 elementor-widget elementor-widget-image\" data-id=\"29442378\" data-element_type=\"widget\" data-widget_type=\"image.default\">\n\t\t\t\t<div class=\"elementor-widget-container\">\n\t\t\t\t\t\t\t\t\t\t\t\t\t<img decoding=\"async\" width=\"350\" height=\"263\" src=\"https:\/\/tovar-prijevoz-selidbe.hr\/wp-content\/uploads\/2024\/10\/kombi-prevoz.webp\" class=\"attachment-full size-full wp-image-1460\" alt=\"\" srcset=\"https:\/\/tovar-prijevoz-selidbe.hr\/wp-content\/uploads\/2024\/10\/kombi-prevoz.webp 350w, https:\/\/tovar-prijevoz-selidbe.hr\/wp-content\/uploads\/2024\/10\/kombi-prevoz-300x225.webp 300w\" sizes=\"(max-width: 350px) 100vw, 350px\" \/>\t\t\t\t\t\t\t\t\t\t\t\t\t<\/div>\n\t\t\t\t<\/div>\n\t\t\t\t\t<\/div>\n\t\t<\/div>\n\t\t\t\t\t<\/div>\n\t\t<\/section>\n\t\t\t\t<section class=\"elementor-section elementor-top-section elementor-element elementor-element-38fe9ef4 elementor-section-boxed elementor-section-height-default elementor-section-height-default wpr-particle-no wpr-jarallax-no wpr-parallax-no wpr-sticky-section-no\" data-id=\"38fe9ef4\" data-element_type=\"section\" data-settings=\"{&quot;background_background&quot;:&quot;classic&quot;}\">\n\t\t\t\t\t\t\t<div class=\"elementor-background-overlay\"><\/div>\n\t\t\t\t\t\t\t<div class=\"elementor-container elementor-column-gap-default\">\n\t\t\t\t\t<div class=\"elementor-column elementor-col-100 elementor-top-column elementor-element elementor-element-eb15e60 elementor-invisible\" data-id=\"eb15e60\" data-element_type=\"column\" data-settings=\"{&quot;animation&quot;:&quot;fadeIn&quot;}\">\n\t\t\t<div class=\"elementor-widget-wrap elementor-element-populated\">\n\t\t\t\t\t\t<section class=\"elementor-section elementor-inner-section elementor-element elementor-element-7cf21a7a elementor-section-boxed elementor-section-height-default elementor-section-height-default wpr-particle-no wpr-jarallax-no wpr-parallax-no wpr-sticky-section-no\" data-id=\"7cf21a7a\" data-element_type=\"section\">\n\t\t\t\t\t\t<div class=\"elementor-container elementor-column-gap-default\">\n\t\t\t\t\t<div class=\"elementor-column elementor-col-100 elementor-inner-column elementor-element elementor-element-357b1f84\" data-id=\"357b1f84\" data-element_type=\"column\">\n\t\t\t<div class=\"elementor-widget-wrap elementor-element-populated\">\n\t\t\t\t\t\t<div class=\"elementor-element elementor-element-2d8c1fd elementor-widget elementor-widget-heading\" data-id=\"2d8c1fd\" data-element_type=\"widget\" data-widget_type=\"heading.default\">\n\t\t\t\t<div class=\"elementor-widget-container\">\n\t\t\t<h2 class=\"elementor-heading-title elementor-size-default\">Monta\u017ea Namje\u0161taja Split<\/h2>\t\t<\/div>\n\t\t\t\t<\/div>\n\t\t\t\t<div class=\"elementor-element elementor-element-14ed09a2 elementor-widget elementor-widget-heading\" data-id=\"14ed09a2\" data-element_type=\"widget\" data-widget_type=\"heading.default\">\n\t\t\t\t<div class=\"elementor-widget-container\">\n\t\t\t<h2 class=\"elementor-heading-title elementor-size-default\">Ako vam je potrebna usluga monta\u017ee namje\u0161taja u Splitu, kontaktirajte nas danas! <\/h2>\t\t<\/div>\n\t\t\t\t<\/div>\n\t\t\t\t<div class=\"elementor-element elementor-element-47f3019b wpr-button-icon-style-inline wpr-button-icon-position-right elementor-widget elementor-widget-wpr-button\" data-id=\"47f3019b\" data-element_type=\"widget\" data-widget_type=\"wpr-button.default\">\n\t\t\t\t<div class=\"elementor-widget-container\">\n\t\t\t\t\n\t\t\t\n\t\t\n\t\t<div class=\"wpr-button-wrap elementor-clearfix\">\n\t\t<a class=\"wpr-button wpr-button-effect wpr-button-none\" data-text=\"Go\" href=\"tel:%20095%20388%205892\">\n\t\t\t\n\t\t\t<span class=\"wpr-button-content\">\n\t\t\t\t\t\t\t\t\t<span class=\"wpr-button-text\">095 388 5892<\/span>\n\t\t\t\t\t\t\t\t\n\t\t\t\t\t\t\t<\/span>\n\t\t<\/a>\n\n\t\t\t\t<\/div>\n\t\n\t\n\t\t\t<\/div>\n\t\t\t\t<\/div>\n\t\t\t\t\t<\/div>\n\t\t<\/div>\n\t\t\t\t\t<\/div>\n\t\t<\/section>\n\t\t\t\t\t<\/div>\n\t\t<\/div>\n\t\t\t\t\t<\/div>\n\t\t<\/section>\n\t\t\t\t<\/div>\n\t\t","protected":false},"excerpt":{"rendered":"<p>Monta\u017ea Namje\u0161taja u Splitu Brzo i Profesionalno Rje\u0161enje Monta\u017ea Namje\u0161taja Split Uvod u Monta\u017eu Namje\u0161taja Monta\u017ea namje\u0161taja mo\u017ee biti izazovan zadatak, posebno kada se radi o slo\u017eenim komadima ili velikim prostorima. Na\u0161a usluga monta\u017ee namje\u0161taja u Splitu pru\u017ea vam brzinu, efikasnost i stru\u010dnost koju trebate. Bez obzira na to radi li se o novom ili starom namje\u0161taju, na\u0161 tim stru\u010dnjaka osigurava da sve bude pravilno i sigurno montirano. Iskusni Profesionalci Na\u0161 tim sastoji se od iskusnih monta\u017eera koji poznaju sve aspekte monta\u017ee namje\u0161taja. Bilo da se radi o kuhinjskim elementima, dnevnim boravcima ili spava\u0107im sobama, mo\u017eemo se nositi sa svim izazovima. Brzina i U\u010dinkovitost Zbog na\u0161e posve\u0107enosti klijentima, nastojimo izvr\u0161iti monta\u017eu u najkra\u0107em mogu\u0107em roku. Kontaktirajte nas i dogovorite termin koji vam najvi\u0161e odgovara. Discover More Monta\u017ea Namje\u0161taja Split Na\u0161e Ostale Usluge Monta\u017ea Namje\u0161taja Split Kompletna Monta\u017ea Kuhinja Monta\u017ea kuhinje je slo\u017een proces koji zahtijeva preciznost i stru\u010dnost. Na\u0161a usluga kompletne monta\u017ee kuhinja u Splitu nudi vam sve \u0161to vam je potrebno za savr\u0161eno postavljanje va\u0161e nove kuhinje. Od pripreme prostora do finalnog pode\u0161avanja, na\u0161 tim stru\u010dnjaka brine se o svakom detalju. Monta\u017ea Namje\u0161taja Split Monta\u017ea Svog Ostalog Namje\u0161taja Monta\u017ea namje\u0161taja mo\u017ee biti izazovna, osobito kada se radi o razli\u010ditim komadima koji zahtijevaju specifi\u010dne vje\u0161tine. Na\u0161a usluga monta\u017ee ostalog namje\u0161taja u Splitu nudi vam sveobuhvatan pristup koji pokriva sve vrste namje\u0161taja, uklju\u010duju\u0107i krevete, ormare, komode i vi\u0161e. Monta\u017ea Namje\u0161taja Split Monta\u017ea Tapeciranog Namje\u0161taja u Splitu Monta\u017ea tapeciranog namje\u0161taja mo\u017ee biti izazovan zadatak koji zahtijeva pa\u017enju na detalje i specifi\u010dne vje\u0161tine. Na\u0161a usluga monta\u017ee tapeciranog namje\u0161taja u Splitu nudi vam stru\u010dnu pomo\u0107 u postavljanju i montiranju svih vrsta tapeciranog namje\u0161taja, uklju\u010duju\u0107i sofe, fotelje, krevetne okvire i druge komade. Monta\u017ea Namje\u0161taja Split Uno\u0161enje Namje\u0161taja u Va\u0161 Stan u Splitu Uno\u0161enje namje\u0161taja mo\u017ee biti izazovan zadatak, osobito kada se radi o ve\u0107im komadima ili uskim prolazima. Na\u0161a usluga uno\u0161enja namje\u0161taja u va\u0161 stan u Splitu nudi vam brzu i sigurnu pomo\u0107 u transportu i postavljanju va\u0161eg namje\u0161taja, omogu\u0107uju\u0107i vam da se fokusirate na u\u017eivanje u novom prostoru. \u00a0 Monta\u017ea Namje\u0161taja Split Monta\u017ea Namje\u0161taja u Splitu: Dolazimo na Va\u0161u Adresu! Monta\u017ea namje\u0161taja mo\u017ee biti izazovna, posebno kada se radi o velikim ili slo\u017eenim komadima. Na\u0161a usluga monta\u017ee namje\u0161taja u Splitu pru\u017ea vam prakti\u010dno rje\u0161enje: dolazimo direktno na va\u0161u adresu i profesionalno montiramo va\u0161 namje\u0161taj, \u0161tede\u0107i vam vrijeme i trud. Discover More Monta\u017ea Namje\u0161taja Split Ako vam je potrebna usluga monta\u017ee namje\u0161taja u Splitu, kontaktirajte nas danas! 095 388 5892<\/p>\n","protected":false},"author":1,"featured_media":0,"parent":0,"menu_order":0,"comment_status":"closed","ping_status":"closed","template":"","meta":{"om_disable_all_campaigns":false,"_monsterinsights_skip_tracking":false,"_monsterinsights_sitenote_active":false,"_monsterinsights_sitenote_note":"","_monsterinsights_sitenote_category":0,"footnotes":""},"class_list":["post-1532","page","type-page","status-publish","hentry"],"aioseo_notices":[],"_links":{"self":[{"href":"https:\/\/tovar-prijevoz-selidbe.hr\/index.php\/wp-json\/wp\/v2\/pages\/1532","targetHints":{"allow":["GET"]}}],"collection":[{"href":"https:\/\/tovar-prijevoz-selidbe.hr\/index.php\/wp-json\/wp\/v2\/pages"}],"about":[{"href":"https:\/\/tovar-prijevoz-selidbe.hr\/index.php\/wp-json\/wp\/v2\/types\/page"}],"author":[{"embeddable":true,"href":"https:\/\/tovar-prijevoz-selidbe.hr\/index.php\/wp-json\/wp\/v2\/users\/1"}],"replies":[{"embeddable":true,"href":"https:\/\/tovar-prijevoz-selidbe.hr\/index.php\/wp-json\/wp\/v2\/comments?post=1532"}],"version-history":[{"count":10,"href":"https:\/\/tovar-prijevoz-selidbe.hr\/index.php\/wp-json\/wp\/v2\/pages\/1532\/revisions"}],"predecessor-version":[{"id":1556,"href":"https:\/\/tovar-prijevoz-selidbe.hr\/index.php\/wp-json\/wp\/v2\/pages\/1532\/revisions\/1556"}],"wp:attachment":[{"href":"https:\/\/tovar-prijevoz-selidbe.hr\/index.php\/wp-json\/wp\/v2\/media?parent=1532"}],"curies":[{"name":"wp","href":"https:\/\/api.w.org\/{rel}","templated":true}]}}