{"id":1490,"date":"2024-10-04T08:44:22","date_gmt":"2024-10-04T08:44:22","guid":{"rendered":"https:\/\/tovar-prijevoz-selidbe.hr\/?page_id=1490"},"modified":"2024-10-04T10:13:17","modified_gmt":"2024-10-04T10:13:17","slug":"odvoz-suta-2","status":"publish","type":"page","link":"https:\/\/tovar-prijevoz-selidbe.hr\/index.php\/odvoz-suta-2\/","title":{"rendered":"Odvoz \u0160uta"},"content":{"rendered":"\t\t<div data-elementor-type=\"wp-page\" data-elementor-id=\"1490\" class=\"elementor elementor-1490\">\n\t\t\t\t\t\t<section class=\"elementor-section elementor-top-section elementor-element elementor-element-3b9b8c340 elementor-section-boxed elementor-section-height-default elementor-section-height-default wpr-particle-no wpr-jarallax-no wpr-parallax-no wpr-sticky-section-no\" data-id=\"3b9b8c340\" data-element_type=\"section\" data-settings=\"{&quot;background_background&quot;:&quot;classic&quot;}\">\n\t\t\t\t\t\t\t<div class=\"elementor-background-overlay\"><\/div>\n\t\t\t\t\t\t\t<div class=\"elementor-container elementor-column-gap-default\">\n\t\t\t\t\t<div class=\"elementor-column elementor-col-100 elementor-top-column elementor-element elementor-element-280d98c9\" data-id=\"280d98c9\" data-element_type=\"column\">\n\t\t\t<div class=\"elementor-widget-wrap elementor-element-populated\">\n\t\t\t\t\t\t<div class=\"elementor-element elementor-element-2b86c130 elementor-widget elementor-widget-heading\" data-id=\"2b86c130\" data-element_type=\"widget\" data-widget_type=\"heading.default\">\n\t\t\t\t<div class=\"elementor-widget-container\">\n\t\t\t<h2 class=\"elementor-heading-title elementor-size-default\">Odvoz \u0160uta<\/h2>\t\t<\/div>\n\t\t\t\t<\/div>\n\t\t\t\t<div class=\"elementor-element elementor-element-3637cf0c elementor-widget elementor-widget-text-editor\" data-id=\"3637cf0c\" data-element_type=\"widget\" data-widget_type=\"text-editor.default\">\n\t\t\t\t<div class=\"elementor-widget-container\">\n\t\t\t\t\t\t\t<p>Pouzdano i Efikasno Rje\u0161enje za Va\u0161 Otpad<\/p>\t\t\t\t\t\t<\/div>\n\t\t\t\t<\/div>\n\t\t\t\t\t<\/div>\n\t\t<\/div>\n\t\t\t\t\t<\/div>\n\t\t<\/section>\n\t\t\t\t<section class=\"elementor-section elementor-top-section elementor-element elementor-element-1d28c20d elementor-section-boxed elementor-section-height-default elementor-section-height-default wpr-particle-no wpr-jarallax-no wpr-parallax-no wpr-sticky-section-no\" data-id=\"1d28c20d\" data-element_type=\"section\">\n\t\t\t\t\t\t<div class=\"elementor-container elementor-column-gap-wide\">\n\t\t\t\t\t<div class=\"elementor-column elementor-col-50 elementor-top-column elementor-element elementor-element-50fa34c0 elementor-invisible\" data-id=\"50fa34c0\" data-element_type=\"column\" data-settings=\"{&quot;animation&quot;:&quot;slideInLeft&quot;}\">\n\t\t\t<div class=\"elementor-widget-wrap elementor-element-populated\">\n\t\t\t\t\t\t<div class=\"elementor-element elementor-element-4b6b8fd elementor-widget elementor-widget-heading\" data-id=\"4b6b8fd\" data-element_type=\"widget\" data-widget_type=\"heading.default\">\n\t\t\t\t<div class=\"elementor-widget-container\">\n\t\t\t<h2 class=\"elementor-heading-title elementor-size-default\">Odvoz \u0160uta Dalmacija<\/h2>\t\t<\/div>\n\t\t\t\t<\/div>\n\t\t\t\t<div class=\"elementor-element elementor-element-2c9fb000 elementor-widget elementor-widget-heading\" data-id=\"2c9fb000\" data-element_type=\"widget\" data-widget_type=\"heading.default\">\n\t\t\t\t<div class=\"elementor-widget-container\">\n\t\t\t<h2 class=\"elementor-heading-title elementor-size-default\">Profesionalna Usluga Odvoza \u0160uta<\/h2>\t\t<\/div>\n\t\t\t\t<\/div>\n\t\t\t\t<div class=\"elementor-element elementor-element-716e2a5c elementor-widget elementor-widget-text-editor\" data-id=\"716e2a5c\" data-element_type=\"widget\" data-widget_type=\"text-editor.default\">\n\t\t\t\t<div class=\"elementor-widget-container\">\n\t\t\t\t\t\t\t<p>Odvoz \u0161uta mo\u017ee biti izazov, osobito nakon gra\u0111evinskih radova ili renovacija. Na\u0161a profesionalna usluga odvoza \u0161uta osigurava brzinu i efikasnost. Na\u0161 tim stru\u010dnjaka posjeduje iskustvo u rukovanju svim vrstama gra\u0111evinskog otpada. Jam\u010dimo sigurno prikupljanje i transport \u0161uta, a svi na\u0161i postupci usmjereni su na ekolo\u0161ki prihvatljivo zbrinjavanje.<\/p><h4><em><strong>Klju\u010dne Prednosti:<\/strong><\/em><\/h4><ul><li><strong>Iskustvo<\/strong>: Dugogodi\u0161nje iskustvo u odvozu \u0161uta.<\/li><li><strong>Brzina<\/strong>: Brzi i u\u010dinkoviti odvozi, prilago\u0111eni va\u0161im potrebama.<\/li><li><strong>Ekolo\u0161ki pristup<\/strong>: Pravilno zbrinjavanje i recikliranje otpada.<\/li><\/ul>\t\t\t\t\t\t<\/div>\n\t\t\t\t<\/div>\n\t\t\t\t<div class=\"elementor-element elementor-element-ba2702c wpr-button-icon-style-inline wpr-button-icon-position-right elementor-widget elementor-widget-wpr-button\" data-id=\"ba2702c\" data-element_type=\"widget\" data-widget_type=\"wpr-button.default\">\n\t\t\t\t<div class=\"elementor-widget-container\">\n\t\t\t\t\n\t\t\t\n\t\t\n\t\t<div class=\"wpr-button-wrap elementor-clearfix\">\n\t\t<a class=\"wpr-button wpr-button-effect wpr-button-none\" data-text=\"Go\" href=\"tel:%20095%20388%205892\">\n\t\t\t\n\t\t\t<span class=\"wpr-button-content\">\n\t\t\t\t\t\t\t\t\t<span class=\"wpr-button-text\">095 388 5892<\/span>\n\t\t\t\t\t\t\t\t\n\t\t\t\t\t\t\t<\/span>\n\t\t<\/a>\n\n\t\t\t\t<\/div>\n\t\n\t\n\t\t\t<\/div>\n\t\t\t\t<\/div>\n\t\t\t\t\t<\/div>\n\t\t<\/div>\n\t\t\t\t<div class=\"elementor-column elementor-col-50 elementor-top-column elementor-element elementor-element-141ec351 elementor-invisible\" data-id=\"141ec351\" data-element_type=\"column\" data-settings=\"{&quot;animation&quot;:&quot;slideInRight&quot;}\">\n\t\t\t<div class=\"elementor-widget-wrap elementor-element-populated\">\n\t\t\t\t\t\t<div class=\"elementor-element elementor-element-666210ba elementor-widget elementor-widget-image\" data-id=\"666210ba\" data-element_type=\"widget\" data-widget_type=\"image.default\">\n\t\t\t\t<div class=\"elementor-widget-container\">\n\t\t\t\t\t\t\t\t\t\t\t\t\t<img fetchpriority=\"high\" decoding=\"async\" width=\"350\" height=\"263\" src=\"https:\/\/tovar-prijevoz-selidbe.hr\/wp-content\/uploads\/2024\/10\/kombi-prevoz.webp\" class=\"attachment-large size-large wp-image-1460\" alt=\"\" srcset=\"https:\/\/tovar-prijevoz-selidbe.hr\/wp-content\/uploads\/2024\/10\/kombi-prevoz.webp 350w, https:\/\/tovar-prijevoz-selidbe.hr\/wp-content\/uploads\/2024\/10\/kombi-prevoz-300x225.webp 300w\" sizes=\"(max-width: 350px) 100vw, 350px\" \/>\t\t\t\t\t\t\t\t\t\t\t\t\t<\/div>\n\t\t\t\t<\/div>\n\t\t\t\t\t<\/div>\n\t\t<\/div>\n\t\t\t\t\t<\/div>\n\t\t<\/section>\n\t\t\t\t<section class=\"elementor-section elementor-top-section elementor-element elementor-element-24126ae1 elementor-section-boxed elementor-section-height-default elementor-section-height-default wpr-particle-no wpr-jarallax-no wpr-parallax-no wpr-sticky-section-no\" data-id=\"24126ae1\" data-element_type=\"section\">\n\t\t\t\t\t\t\t<div class=\"elementor-background-overlay\"><\/div>\n\t\t\t\t\t\t\t<div class=\"elementor-container elementor-column-gap-default\">\n\t\t\t\t\t<div class=\"elementor-column elementor-col-100 elementor-top-column elementor-element elementor-element-77747433 elementor-invisible\" data-id=\"77747433\" data-element_type=\"column\" data-settings=\"{&quot;animation&quot;:&quot;fadeIn&quot;}\">\n\t\t\t<div class=\"elementor-widget-wrap elementor-element-populated\">\n\t\t\t\t\t\t<section class=\"elementor-section elementor-inner-section elementor-element elementor-element-439fa094 elementor-section-boxed elementor-section-height-default elementor-section-height-default wpr-particle-no wpr-jarallax-no wpr-parallax-no wpr-sticky-section-no\" data-id=\"439fa094\" data-element_type=\"section\">\n\t\t\t\t\t\t<div class=\"elementor-container elementor-column-gap-default\">\n\t\t\t\t\t<div class=\"elementor-column elementor-col-100 elementor-inner-column elementor-element elementor-element-2483bd9\" data-id=\"2483bd9\" data-element_type=\"column\">\n\t\t\t<div class=\"elementor-widget-wrap elementor-element-populated\">\n\t\t\t\t\t\t<div class=\"elementor-element elementor-element-b32fb2a elementor-widget elementor-widget-heading\" data-id=\"b32fb2a\" data-element_type=\"widget\" data-widget_type=\"heading.default\">\n\t\t\t\t<div class=\"elementor-widget-container\">\n\t\t\t<h2 class=\"elementor-heading-title elementor-size-default\">Odvoz \u0160uta Dalmacija<\/h2>\t\t<\/div>\n\t\t\t\t<\/div>\n\t\t\t\t<div class=\"elementor-element elementor-element-3233d44d elementor-widget elementor-widget-heading\" data-id=\"3233d44d\" data-element_type=\"widget\" data-widget_type=\"heading.default\">\n\t\t\t\t<div class=\"elementor-widget-container\">\n\t\t\t<h2 class=\"elementor-heading-title elementor-size-default\">Fleksibilne Opcije i Pristupa\u010dne Cijene<\/h2>\t\t<\/div>\n\t\t\t\t<\/div>\n\t\t\t\t\t<\/div>\n\t\t<\/div>\n\t\t\t\t\t<\/div>\n\t\t<\/section>\n\t\t\t\t<div class=\"elementor-element elementor-element-639f1b32 wpr-list-style-none elementor-widget elementor-widget-wpr-posts-timeline\" data-id=\"639f1b32\" data-element_type=\"widget\" data-settings=\"{&quot;swiper_speed&quot;:500}\" data-widget_type=\"wpr-posts-timeline.default\">\n\t\t\t\t<div class=\"elementor-widget-container\">\n\t\t\t<div class=\"wpr-timeline-outer-container\"><div class=\"wpr-wrapper swiper wpr-horizontal-bottom\" dir=\"\" data-slidestoshow = \"3\" data-autoplay=\"\" data-loop=\"\" data-swiper-speed=\"500\" data-swiper-delay=\"0\" data-swiper-poh=\"\" data-swiper-space-between=\"5\"><div class=\"swiper-wrapper wpr-horizontal-bottom-timeline\"><div class=\"swiper-slide swiper-slide-line-top no elementor-repeater-item-940c2b5\"><div class=\"wpr-extra-label\" ><span class=\"wpr-label\" >Odvoz \u0160uta Dalmacija<\/span><\/div><div class=\"wpr-main-line-icon wpr-icon\"><i aria-hidden=\"true\" class=\"far fa-flag\"><\/i><\/div><div class=\"wpr-story-info \"><div class=\"wpr-timeline-content-wrapper\"><p class=\"wpr-title-wrap\"><span  class=\"wpr-title\">Odvoz \u0160uta U Vre\u0107ama<\/span><\/p><div class=\"wpr-description\"><p>Kada se suo\u010davate s vi\u0161kom \u0161uta nakon gra\u0111evinskih ili renovacijskih radova, odvoz u vre\u0107ama mo\u017ee biti idealno rje\u0161enje. Na\u0161a usluga odvoza \u0161uta u vre\u0107ama osigurava prakti\u010dan na\u010din zbrinjavanja otpada. Uz brzu i pouzdanu uslugu, olak\u0161avamo vam proces zbrinjavanja \u0161uta, a sve s naglaskom na ekolo\u0161ku odgovornost.<\/p><\/div><\/div><\/div><\/div><div class=\"swiper-slide swiper-slide-line-top no elementor-repeater-item-a6de89e\"><div class=\"wpr-extra-label\" ><span class=\"wpr-label\" >Odvoz \u0160uta Dalmacija<\/span><\/div><div class=\"wpr-main-line-icon wpr-icon\"><i aria-hidden=\"true\" class=\"far fa-paper-plane\"><\/i><\/div><div class=\"wpr-story-info \"><div class=\"wpr-timeline-content-wrapper\"><p class=\"wpr-title-wrap\"><span  class=\"wpr-title\">Odvoz Starog Namje\u0161taja<\/span><\/p><div class=\"wpr-description\"><p>Kada se odlu\u010dite na promjenu u svom prostoru, odvoz starog namje\u0161taja mo\u017ee biti izazovan zadatak. Na\u0161a usluga odvoza starog namje\u0161taja pru\u017ea vam jednostavno, brzo i ekolo\u0161ki prihvatljivo rje\u0161enje za zbrinjavanje nepotrebnih komada. Bilo da se radi o starim kau\u010dima, krevetima, stolicama ili drugim predmetima, na\u0161 tim stru\u010dnjaka osigurava da va\u0161i stari komadi budu pravilno odvezeni.<\/p><\/div><\/div><\/div><\/div><div class=\"swiper-slide swiper-slide-line-top no elementor-repeater-item-47be66e\"><div class=\"wpr-extra-label\" ><span class=\"wpr-label\" >Odvoz \u0160uta Dalmacija<\/span><\/div><div class=\"wpr-main-line-icon wpr-icon\"><i aria-hidden=\"true\" class=\"far fa-lightbulb\"><\/i><\/div><div class=\"wpr-story-info \"><div class=\"wpr-timeline-content-wrapper\"><p class=\"wpr-title-wrap\"><span  class=\"wpr-title\">Odvoz Glomaznog Otpada<\/span><\/p><div class=\"wpr-description\"><p>Odvoz glomaznog otpada \u010desto predstavlja izazov za mnoge ku\u0107anstva i tvrtke. Bilo da se radi o starom namje\u0161taju, elektroni\u010dkoj opremi, ili drugim velikim predmetima, na\u0161a usluga odvoza glomaznog otpada nudi vam jednostavno, brzo i ekolo\u0161ki prihvatljivo rje\u0161enje. Sa na\u0161im timom stru\u010dnjaka, mo\u017eete se osloniti na to da \u0107e va\u0161i glomazni predmeti biti pravilno zbrinuti.<\/p><\/div><\/div><\/div><\/div><div class=\"swiper-slide swiper-slide-line-top no elementor-repeater-item-f4da282\"><div class=\"wpr-extra-label\" ><span class=\"wpr-label\" >Odvoz \u0160uta Dalmacija<\/span><\/div><div class=\"wpr-main-line-icon wpr-icon\"><i aria-hidden=\"true\" class=\"fas fa-bolt\"><\/i><\/div><div class=\"wpr-story-info \"><div class=\"wpr-timeline-content-wrapper\"><p class=\"wpr-title-wrap\"><span  class=\"wpr-title\">Demonta\u017ea i Iznos Otpada i Namje\u0161taja iz Stanova<\/span><\/p><div class=\"wpr-description\"><p>Kada se selite ili renovirate svoj stan, demonta\u017ea starog namje\u0161taja i izno\u0161enje otpada mogu biti veliki izazov. Na\u0161a usluga demonta\u017ee i iznosa otpada i namje\u0161taja osigurava brz i efikasan na\u010din rje\u0161avanja tih zadataka. Na\u0161 stru\u010dni tim brine se o svakom detalju, pru\u017eaju\u0107i vam mir i olak\u0161anje tijekom procesa.<\/p><\/div><\/div><\/div><\/div><\/div>\n\t\t\t<!-- Add Pagination -->        \n\t\t\t<div class=\"wpr-swiper-pagination\"><\/div>\n\t\t\t<!-- Add Arrows -->\n\t\t\t<div class=\"wpr-button-prev wpr-timeline-prev-arrow wpr-timeline-prev-639f1b32\">\n\t\t\t\t<svg version=\"1.1\" xmlns=\"http:\/\/www.w3.org\/2000\/svg\" xmlns:xlink=\"http:\/\/www.w3.org\/1999\/xlink\" x=\"0px\" y=\"0px\" viewBox=\"0 0 291.4 512\" style=\"enable-background:new 0 0 291.4 512;\" xml:space=\"preserve\"><g><path class=\"st0\" d=\"M281.1,451.5c13.8,13.8,13.8,36.3,0,50.1c-13.8,13.8-36.3,13.8-50.1,0L10.4,281C3.5,274.1,0,265.1,0,256c0-9.1,3.5-18.1,10.4-25L231,10.4c13.8-13.8,36.3-13.8,50.1,0c6.9,6.9,10.4,16,10.4,25s-3.5,18.1-10.4,25L85.5,256L281.1,451.5z\"\/><\/g><\/svg>\n\t\t\t<\/div>\n\t\t\t<div class=\"wpr-button-next wpr-timeline-next-arrow wpr-timeline-next-639f1b32\">\n\t\t\t\t<svg version=\"1.1\" xmlns=\"http:\/\/www.w3.org\/2000\/svg\" xmlns:xlink=\"http:\/\/www.w3.org\/1999\/xlink\" x=\"0px\" y=\"0px\" viewBox=\"0 0 291.4 512\" style=\"enable-background:new 0 0 291.4 512;\" xml:space=\"preserve\"><g><path class=\"st0\" d=\"M281.1,451.5c13.8,13.8,13.8,36.3,0,50.1c-13.8,13.8-36.3,13.8-50.1,0L10.4,281C3.5,274.1,0,265.1,0,256c0-9.1,3.5-18.1,10.4-25L231,10.4c13.8-13.8,36.3-13.8,50.1,0c6.9,6.9,10.4,16,10.4,25s-3.5,18.1-10.4,25L85.5,256L281.1,451.5z\"\/><\/g><\/svg>\n\t\t\t<\/div>\n\t\t<\/div><\/div>\t\t<\/div>\n\t\t\t\t<\/div>\n\t\t\t\t\t<\/div>\n\t\t<\/div>\n\t\t\t\t\t<\/div>\n\t\t<\/section>\n\t\t\t\t<section class=\"elementor-section elementor-top-section elementor-element elementor-element-64a4ba4d elementor-section-boxed elementor-section-height-default elementor-section-height-default wpr-particle-no wpr-jarallax-no wpr-parallax-no wpr-sticky-section-no\" data-id=\"64a4ba4d\" data-element_type=\"section\">\n\t\t\t\t\t\t<div class=\"elementor-container elementor-column-gap-default\">\n\t\t\t\t\t<div class=\"elementor-column elementor-col-50 elementor-top-column elementor-element elementor-element-37a1b468 elementor-invisible\" data-id=\"37a1b468\" data-element_type=\"column\" data-settings=\"{&quot;animation&quot;:&quot;slideInLeft&quot;}\">\n\t\t\t<div class=\"elementor-widget-wrap elementor-element-populated\">\n\t\t\t\t\t\t<div class=\"elementor-element elementor-element-d26b52d elementor-widget elementor-widget-heading\" data-id=\"d26b52d\" data-element_type=\"widget\" data-widget_type=\"heading.default\">\n\t\t\t\t<div class=\"elementor-widget-container\">\n\t\t\t<h2 class=\"elementor-heading-title elementor-size-default\">Odvoz \u0160uta Dalmacija<\/h2>\t\t<\/div>\n\t\t\t\t<\/div>\n\t\t\t\t<div class=\"elementor-element elementor-element-35a868c1 elementor-widget elementor-widget-heading\" data-id=\"35a868c1\" data-element_type=\"widget\" data-widget_type=\"heading.default\">\n\t\t\t\t<div class=\"elementor-widget-container\">\n\t\t\t<h2 class=\"elementor-heading-title elementor-size-default\">Brza i Efikasna Usluga Odvoza \u0160uta<\/h2>\t\t<\/div>\n\t\t\t\t<\/div>\n\t\t\t\t<div class=\"elementor-element elementor-element-7361fb2 elementor-widget elementor-widget-text-editor\" data-id=\"7361fb2\" data-element_type=\"widget\" data-widget_type=\"text-editor.default\">\n\t\t\t\t<div class=\"elementor-widget-container\">\n\t\t\t\t\t\t\t<p>Odvoz \u0161uta nikada nije bio lak\u0161i! Ako imate vi\u0161ak gra\u0111evinskog otpada koji treba ukloniti, slobodno nas kontaktirajte. Na\u0161 tim stru\u010dnjaka je ovdje da vam pomogne u svakom koraku procesa. Bez obzira na koli\u010dinu \u0161uta, jam\u010dimo brzu i efikasnu uslugu.<\/p>\t\t\t\t\t\t<\/div>\n\t\t\t\t<\/div>\n\t\t\t\t<div class=\"elementor-element elementor-element-ec14ec0 wpr-button-icon-style-inline wpr-button-icon-position-right elementor-widget elementor-widget-wpr-button\" data-id=\"ec14ec0\" data-element_type=\"widget\" data-widget_type=\"wpr-button.default\">\n\t\t\t\t<div class=\"elementor-widget-container\">\n\t\t\t\t\n\t\t\t\n\t\t\n\t\t<div class=\"wpr-button-wrap elementor-clearfix\">\n\t\t<a class=\"wpr-button wpr-button-effect wpr-button-none\" data-text=\"Go\" href=\"tel:%20095%20388%205892\">\n\t\t\t\n\t\t\t<span class=\"wpr-button-content\">\n\t\t\t\t\t\t\t\t\t<span class=\"wpr-button-text\">095 388 5892<\/span>\n\t\t\t\t\t\t\t\t\n\t\t\t\t\t\t\t<\/span>\n\t\t<\/a>\n\n\t\t\t\t<\/div>\n\t\n\t\n\t\t\t<\/div>\n\t\t\t\t<\/div>\n\t\t\t\t\t<\/div>\n\t\t<\/div>\n\t\t\t\t<div class=\"elementor-column elementor-col-50 elementor-top-column elementor-element elementor-element-4cbce5c2 elementor-hidden-tablet elementor-hidden-mobile elementor-invisible\" data-id=\"4cbce5c2\" data-element_type=\"column\" data-settings=\"{&quot;animation&quot;:&quot;slideInRight&quot;}\">\n\t\t\t<div class=\"elementor-widget-wrap elementor-element-populated\">\n\t\t\t\t\t\t<div class=\"elementor-element elementor-element-3f648390 elementor-widget elementor-widget-image\" data-id=\"3f648390\" data-element_type=\"widget\" data-widget_type=\"image.default\">\n\t\t\t\t<div class=\"elementor-widget-container\">\n\t\t\t\t\t\t\t\t\t\t\t\t\t<img decoding=\"async\" width=\"400\" height=\"400\" src=\"https:\/\/tovar-prijevoz-selidbe.hr\/wp-content\/uploads\/2024\/09\/namestaj.webp\" class=\"attachment-full size-full wp-image-1232\" alt=\"\" srcset=\"https:\/\/tovar-prijevoz-selidbe.hr\/wp-content\/uploads\/2024\/09\/namestaj.webp 400w, https:\/\/tovar-prijevoz-selidbe.hr\/wp-content\/uploads\/2024\/09\/namestaj-300x300.webp 300w, https:\/\/tovar-prijevoz-selidbe.hr\/wp-content\/uploads\/2024\/09\/namestaj-150x150.webp 150w\" sizes=\"(max-width: 400px) 100vw, 400px\" \/>\t\t\t\t\t\t\t\t\t\t\t\t\t<\/div>\n\t\t\t\t<\/div>\n\t\t\t\t\t<\/div>\n\t\t<\/div>\n\t\t\t\t\t<\/div>\n\t\t<\/section>\n\t\t\t\t<section class=\"elementor-section elementor-top-section elementor-element elementor-element-53309d3f elementor-section-boxed elementor-section-height-default elementor-section-height-default wpr-particle-no wpr-jarallax-no wpr-parallax-no wpr-sticky-section-no\" data-id=\"53309d3f\" data-element_type=\"section\" data-settings=\"{&quot;background_background&quot;:&quot;classic&quot;}\">\n\t\t\t\t\t\t\t<div class=\"elementor-background-overlay\"><\/div>\n\t\t\t\t\t\t\t<div class=\"elementor-container elementor-column-gap-default\">\n\t\t\t\t\t<div class=\"elementor-column elementor-col-100 elementor-top-column elementor-element elementor-element-440d5253 elementor-invisible\" data-id=\"440d5253\" data-element_type=\"column\" data-settings=\"{&quot;animation&quot;:&quot;fadeIn&quot;}\">\n\t\t\t<div class=\"elementor-widget-wrap elementor-element-populated\">\n\t\t\t\t\t\t<section class=\"elementor-section elementor-inner-section elementor-element elementor-element-1ea83dc2 elementor-section-boxed elementor-section-height-default elementor-section-height-default wpr-particle-no wpr-jarallax-no wpr-parallax-no wpr-sticky-section-no\" data-id=\"1ea83dc2\" data-element_type=\"section\">\n\t\t\t\t\t\t<div class=\"elementor-container elementor-column-gap-default\">\n\t\t\t\t\t<div class=\"elementor-column elementor-col-100 elementor-inner-column elementor-element elementor-element-1799f80b\" data-id=\"1799f80b\" data-element_type=\"column\">\n\t\t\t<div class=\"elementor-widget-wrap elementor-element-populated\">\n\t\t\t\t\t\t<div class=\"elementor-element elementor-element-2e95160b elementor-widget elementor-widget-heading\" data-id=\"2e95160b\" data-element_type=\"widget\" data-widget_type=\"heading.default\">\n\t\t\t\t<div class=\"elementor-widget-container\">\n\t\t\t<h2 class=\"elementor-heading-title elementor-size-default\">Odvoz \u0160uta Dalmacija<\/h2>\t\t<\/div>\n\t\t\t\t<\/div>\n\t\t\t\t<div class=\"elementor-element elementor-element-241b358b elementor-widget elementor-widget-heading\" data-id=\"241b358b\" data-element_type=\"widget\" data-widget_type=\"heading.default\">\n\t\t\t\t<div class=\"elementor-widget-container\">\n\t\t\t<h2 class=\"elementor-heading-title elementor-size-default\">Nazovite nas na na\u0161u kontakt broj i razgovarajte s na\u0161im stru\u010dnjacima. Rado \u0107emo vam pru\u017eiti sve potrebne informacije i dogovoriti termin koji vam odgovara.<\/h2>\t\t<\/div>\n\t\t\t\t<\/div>\n\t\t\t\t<div class=\"elementor-element elementor-element-8695e17 wpr-button-icon-style-inline wpr-button-icon-position-right elementor-widget elementor-widget-wpr-button\" data-id=\"8695e17\" data-element_type=\"widget\" data-widget_type=\"wpr-button.default\">\n\t\t\t\t<div class=\"elementor-widget-container\">\n\t\t\t\t\n\t\t\t\n\t\t\n\t\t<div class=\"wpr-button-wrap elementor-clearfix\">\n\t\t<a class=\"wpr-button wpr-button-effect wpr-button-none\" data-text=\"Go\" href=\"tel:%20095%20388%205892\">\n\t\t\t\n\t\t\t<span class=\"wpr-button-content\">\n\t\t\t\t\t\t\t\t\t<span class=\"wpr-button-text\">095 388 5892<\/span>\n\t\t\t\t\t\t\t\t\n\t\t\t\t\t\t\t<\/span>\n\t\t<\/a>\n\n\t\t\t\t<\/div>\n\t\n\t\n\t\t\t<\/div>\n\t\t\t\t<\/div>\n\t\t\t\t\t<\/div>\n\t\t<\/div>\n\t\t\t\t\t<\/div>\n\t\t<\/section>\n\t\t\t\t\t<\/div>\n\t\t<\/div>\n\t\t\t\t\t<\/div>\n\t\t<\/section>\n\t\t\t\t<\/div>\n\t\t","protected":false},"excerpt":{"rendered":"<p>Odvoz \u0160uta Pouzdano i Efikasno Rje\u0161enje za Va\u0161 Otpad Odvoz \u0160uta Dalmacija Profesionalna Usluga Odvoza \u0160uta Odvoz \u0161uta mo\u017ee biti izazov, osobito nakon gra\u0111evinskih radova ili renovacija. Na\u0161a profesionalna usluga odvoza \u0161uta osigurava brzinu i efikasnost. Na\u0161 tim stru\u010dnjaka posjeduje iskustvo u rukovanju svim vrstama gra\u0111evinskog otpada. Jam\u010dimo sigurno prikupljanje i transport \u0161uta, a svi na\u0161i postupci usmjereni su na ekolo\u0161ki prihvatljivo zbrinjavanje. Klju\u010dne Prednosti: Iskustvo: Dugogodi\u0161nje iskustvo u odvozu \u0161uta. Brzina: Brzi i u\u010dinkoviti odvozi, prilago\u0111eni va\u0161im potrebama. Ekolo\u0161ki pristup: Pravilno zbrinjavanje i recikliranje otpada. 095 388 5892 Odvoz \u0160uta Dalmacija Fleksibilne Opcije i Pristupa\u010dne Cijene Odvoz \u0160uta Dalmacija Odvoz \u0160uta U Vre\u0107ama Kada se suo\u010davate s vi\u0161kom \u0161uta nakon gra\u0111evinskih ili renovacijskih radova, odvoz u vre\u0107ama mo\u017ee biti idealno rje\u0161enje. Na\u0161a usluga odvoza \u0161uta u vre\u0107ama osigurava prakti\u010dan na\u010din zbrinjavanja otpada. Uz brzu i pouzdanu uslugu, olak\u0161avamo vam proces zbrinjavanja \u0161uta, a sve s naglaskom na ekolo\u0161ku odgovornost. Odvoz \u0160uta Dalmacija Odvoz Starog Namje\u0161taja Kada se odlu\u010dite na promjenu u svom prostoru, odvoz starog namje\u0161taja mo\u017ee biti izazovan zadatak. Na\u0161a usluga odvoza starog namje\u0161taja pru\u017ea vam jednostavno, brzo i ekolo\u0161ki prihvatljivo rje\u0161enje za zbrinjavanje nepotrebnih komada. Bilo da se radi o starim kau\u010dima, krevetima, stolicama ili drugim predmetima, na\u0161 tim stru\u010dnjaka osigurava da va\u0161i stari komadi budu pravilno odvezeni. Odvoz \u0160uta Dalmacija Odvoz Glomaznog Otpada Odvoz glomaznog otpada \u010desto predstavlja izazov za mnoge ku\u0107anstva i tvrtke. Bilo da se radi o starom namje\u0161taju, elektroni\u010dkoj opremi, ili drugim velikim predmetima, na\u0161a usluga odvoza glomaznog otpada nudi vam jednostavno, brzo i ekolo\u0161ki prihvatljivo rje\u0161enje. Sa na\u0161im timom stru\u010dnjaka, mo\u017eete se osloniti na to da \u0107e va\u0161i glomazni predmeti biti pravilno zbrinuti. Odvoz \u0160uta Dalmacija Demonta\u017ea i Iznos Otpada i Namje\u0161taja iz Stanova Kada se selite ili renovirate svoj stan, demonta\u017ea starog namje\u0161taja i izno\u0161enje otpada mogu biti veliki izazov. Na\u0161a usluga demonta\u017ee i iznosa otpada i namje\u0161taja osigurava brz i efikasan na\u010din rje\u0161avanja tih zadataka. Na\u0161 stru\u010dni tim brine se o svakom detalju, pru\u017eaju\u0107i vam mir i olak\u0161anje tijekom procesa. Odvoz \u0160uta Dalmacija Brza i Efikasna Usluga Odvoza \u0160uta Odvoz \u0161uta nikada nije bio lak\u0161i! Ako imate vi\u0161ak gra\u0111evinskog otpada koji treba ukloniti, slobodno nas kontaktirajte. Na\u0161 tim stru\u010dnjaka je ovdje da vam pomogne u svakom koraku procesa. Bez obzira na koli\u010dinu \u0161uta, jam\u010dimo brzu i efikasnu uslugu. 095 388 5892 Odvoz \u0160uta Dalmacija Nazovite nas na na\u0161u kontakt broj i razgovarajte s na\u0161im stru\u010dnjacima. Rado \u0107emo vam pru\u017eiti sve potrebne informacije i dogovoriti termin koji vam odgovara. 095 388 5892<\/p>\n","protected":false},"author":1,"featured_media":0,"parent":0,"menu_order":0,"comment_status":"closed","ping_status":"closed","template":"","meta":{"om_disable_all_campaigns":false,"_monsterinsights_skip_tracking":false,"_monsterinsights_sitenote_active":false,"_monsterinsights_sitenote_note":"","_monsterinsights_sitenote_category":0,"footnotes":""},"class_list":["post-1490","page","type-page","status-publish","hentry"],"aioseo_notices":[],"_links":{"self":[{"href":"https:\/\/tovar-prijevoz-selidbe.hr\/index.php\/wp-json\/wp\/v2\/pages\/1490","targetHints":{"allow":["GET"]}}],"collection":[{"href":"https:\/\/tovar-prijevoz-selidbe.hr\/index.php\/wp-json\/wp\/v2\/pages"}],"about":[{"href":"https:\/\/tovar-prijevoz-selidbe.hr\/index.php\/wp-json\/wp\/v2\/types\/page"}],"author":[{"embeddable":true,"href":"https:\/\/tovar-prijevoz-selidbe.hr\/index.php\/wp-json\/wp\/v2\/users\/1"}],"replies":[{"embeddable":true,"href":"https:\/\/tovar-prijevoz-selidbe.hr\/index.php\/wp-json\/wp\/v2\/comments?post=1490"}],"version-history":[{"count":10,"href":"https:\/\/tovar-prijevoz-selidbe.hr\/index.php\/wp-json\/wp\/v2\/pages\/1490\/revisions"}],"predecessor-version":[{"id":1509,"href":"https:\/\/tovar-prijevoz-selidbe.hr\/index.php\/wp-json\/wp\/v2\/pages\/1490\/revisions\/1509"}],"wp:attachment":[{"href":"https:\/\/tovar-prijevoz-selidbe.hr\/index.php\/wp-json\/wp\/v2\/media?parent=1490"}],"curies":[{"name":"wp","href":"https:\/\/api.w.org\/{rel}","templated":true}]}}