{"id":1429,"date":"2024-10-03T18:44:47","date_gmt":"2024-10-03T18:44:47","guid":{"rendered":"https:\/\/tovar-prijevoz-selidbe.hr\/?page_id=1429"},"modified":"2024-10-03T19:29:04","modified_gmt":"2024-10-03T19:29:04","slug":"demontaza-i-ponovna-montaza-namjestaja","status":"publish","type":"page","link":"https:\/\/tovar-prijevoz-selidbe.hr\/index.php\/demontaza-i-ponovna-montaza-namjestaja\/","title":{"rendered":"Demonta\u017ea i Ponovna Monta\u017ea Namje\u0161taja"},"content":{"rendered":"\t\t<div data-elementor-type=\"wp-page\" data-elementor-id=\"1429\" class=\"elementor elementor-1429\">\n\t\t\t\t\t\t<section class=\"elementor-section elementor-top-section elementor-element elementor-element-69cba5960 elementor-section-boxed elementor-section-height-default elementor-section-height-default wpr-particle-no wpr-jarallax-no wpr-parallax-no wpr-sticky-section-no\" data-id=\"69cba5960\" data-element_type=\"section\" data-settings=\"{&quot;background_background&quot;:&quot;classic&quot;}\">\n\t\t\t\t\t\t\t<div class=\"elementor-background-overlay\"><\/div>\n\t\t\t\t\t\t\t<div class=\"elementor-container elementor-column-gap-default\">\n\t\t\t\t\t<div class=\"elementor-column elementor-col-100 elementor-top-column elementor-element elementor-element-680993aa\" data-id=\"680993aa\" data-element_type=\"column\">\n\t\t\t<div class=\"elementor-widget-wrap elementor-element-populated\">\n\t\t\t\t\t\t<div class=\"elementor-element elementor-element-252dd87f elementor-widget elementor-widget-heading\" data-id=\"252dd87f\" data-element_type=\"widget\" data-widget_type=\"heading.default\">\n\t\t\t\t<div class=\"elementor-widget-container\">\n\t\t\t<h2 class=\"elementor-heading-title elementor-size-default\">Demonta\u017ea i Ponovna Monta\u017ea Namje\u0161taja Split<\/h2>\t\t<\/div>\n\t\t\t\t<\/div>\n\t\t\t\t\t<\/div>\n\t\t<\/div>\n\t\t\t\t\t<\/div>\n\t\t<\/section>\n\t\t\t\t<section class=\"elementor-section elementor-top-section elementor-element elementor-element-586a581b elementor-section-boxed elementor-section-height-default elementor-section-height-default wpr-particle-no wpr-jarallax-no wpr-parallax-no wpr-sticky-section-no\" data-id=\"586a581b\" data-element_type=\"section\">\n\t\t\t\t\t\t<div class=\"elementor-container elementor-column-gap-default\">\n\t\t\t\t\t<div class=\"elementor-column elementor-col-50 elementor-top-column elementor-element elementor-element-51350c2\" data-id=\"51350c2\" data-element_type=\"column\">\n\t\t\t<div class=\"elementor-widget-wrap elementor-element-populated\">\n\t\t\t\t\t\t<div class=\"elementor-element elementor-element-45ab2b01 elementor-widget elementor-widget-heading\" data-id=\"45ab2b01\" data-element_type=\"widget\" data-widget_type=\"heading.default\">\n\t\t\t\t<div class=\"elementor-widget-container\">\n\t\t\t<h2 class=\"elementor-heading-title elementor-size-default\">Stru\u010dna Usluga za Bezbrige Selidbe<\/h2>\t\t<\/div>\n\t\t\t\t<\/div>\n\t\t\t\t<div class=\"elementor-element elementor-element-3c8cc8d8 elementor-widget-divider--view-line elementor-widget elementor-widget-divider\" data-id=\"3c8cc8d8\" data-element_type=\"widget\" data-widget_type=\"divider.default\">\n\t\t\t\t<div class=\"elementor-widget-container\">\n\t\t\t\t\t<div class=\"elementor-divider\">\n\t\t\t<span class=\"elementor-divider-separator\">\n\t\t\t\t\t\t<\/span>\n\t\t<\/div>\n\t\t\t\t<\/div>\n\t\t\t\t<\/div>\n\t\t\t\t<div class=\"elementor-element elementor-element-67dc4edf elementor-widget elementor-widget-text-editor\" data-id=\"67dc4edf\" data-element_type=\"widget\" data-widget_type=\"text-editor.default\">\n\t\t\t\t<div class=\"elementor-widget-container\">\n\t\t\t\t\t\t\t<p>Selidba mo\u017ee biti stresna, posebno kada je u pitanju kompliciran namje\u0161taj. Na\u0161a usluga demonta\u017ee i ponovne monta\u017ee namje\u0161taja pru\u017ea vam sveobuhvatan pristup kako biste osigurali da svaki komad va\u0161eg namje\u0161taja bude pa\u017eljivo rastavljen i ponovno sastavljen na novoj lokaciji. Bez obzira na veli\u010dinu ili slo\u017eenost va\u0161eg namje\u0161taja, na\u0161 tim stru\u010dnjaka jam\u010di sigurnost i efikasnost.<\/p>\t\t\t\t\t\t<\/div>\n\t\t\t\t<\/div>\n\t\t\t\t<div class=\"elementor-element elementor-element-fc19943 wpr-button-icon-style-inline wpr-button-icon-position-right elementor-widget elementor-widget-wpr-button\" data-id=\"fc19943\" data-element_type=\"widget\" data-widget_type=\"wpr-button.default\">\n\t\t\t\t<div class=\"elementor-widget-container\">\n\t\t\t\t\n\t\t\t\n\t\t\n\t\t<div class=\"wpr-button-wrap elementor-clearfix\">\n\t\t<a class=\"wpr-button wpr-button-effect wpr-button-none\" data-text=\"Go\" href=\"tel:%20095%20388%205892\">\n\t\t\t\n\t\t\t<span class=\"wpr-button-content\">\n\t\t\t\t\t\t\t\t\t<span class=\"wpr-button-text\">095 388 5892<\/span>\n\t\t\t\t\t\t\t\t\n\t\t\t\t\t\t\t<\/span>\n\t\t<\/a>\n\n\t\t\t\t<\/div>\n\t\n\t\n\t\t\t<\/div>\n\t\t\t\t<\/div>\n\t\t\t\t\t<\/div>\n\t\t<\/div>\n\t\t\t\t<div class=\"elementor-column elementor-col-50 elementor-top-column elementor-element elementor-element-49fe117e\" data-id=\"49fe117e\" data-element_type=\"column\">\n\t\t\t<div class=\"elementor-widget-wrap elementor-element-populated\">\n\t\t\t\t\t\t<div class=\"elementor-element elementor-element-33364c3a elementor-widget elementor-widget-image\" data-id=\"33364c3a\" data-element_type=\"widget\" data-widget_type=\"image.default\">\n\t\t\t\t<div class=\"elementor-widget-container\">\n\t\t\t\t\t\t\t\t\t\t\t\t\t<img fetchpriority=\"high\" decoding=\"async\" width=\"960\" height=\"636\" src=\"https:\/\/tovar-prijevoz-selidbe.hr\/wp-content\/uploads\/2024\/09\/Furniture-Assembly-Tips2-1024x678.jpg\" class=\"attachment-large size-large wp-image-1233\" alt=\"\" srcset=\"https:\/\/tovar-prijevoz-selidbe.hr\/wp-content\/uploads\/2024\/09\/Furniture-Assembly-Tips2-1024x678.jpg 1024w, https:\/\/tovar-prijevoz-selidbe.hr\/wp-content\/uploads\/2024\/09\/Furniture-Assembly-Tips2-300x199.jpg 300w, https:\/\/tovar-prijevoz-selidbe.hr\/wp-content\/uploads\/2024\/09\/Furniture-Assembly-Tips2-768x509.jpg 768w, https:\/\/tovar-prijevoz-selidbe.hr\/wp-content\/uploads\/2024\/09\/Furniture-Assembly-Tips2.jpg 1200w\" sizes=\"(max-width: 960px) 100vw, 960px\" \/>\t\t\t\t\t\t\t\t\t\t\t\t\t<\/div>\n\t\t\t\t<\/div>\n\t\t\t\t\t<\/div>\n\t\t<\/div>\n\t\t\t\t\t<\/div>\n\t\t<\/section>\n\t\t\t\t<section class=\"elementor-section elementor-top-section elementor-element elementor-element-40010f89 elementor-section-boxed elementor-section-height-default elementor-section-height-default wpr-particle-no wpr-jarallax-no wpr-parallax-no wpr-sticky-section-no\" data-id=\"40010f89\" data-element_type=\"section\">\n\t\t\t\t\t\t<div class=\"elementor-container elementor-column-gap-wide\">\n\t\t\t\t\t<div class=\"elementor-column elementor-col-50 elementor-top-column elementor-element elementor-element-745ac5bb\" data-id=\"745ac5bb\" data-element_type=\"column\">\n\t\t\t<div class=\"elementor-widget-wrap elementor-element-populated\">\n\t\t\t\t\t\t<div class=\"elementor-element elementor-element-24f0565 elementor-widget elementor-widget-image\" data-id=\"24f0565\" data-element_type=\"widget\" data-widget_type=\"image.default\">\n\t\t\t\t<div class=\"elementor-widget-container\">\n\t\t\t\t\t\t\t\t\t\t\t\t\t<img decoding=\"async\" width=\"350\" height=\"263\" src=\"https:\/\/tovar-prijevoz-selidbe.hr\/wp-content\/uploads\/2024\/09\/kombi-prevoz.webp\" class=\"attachment-large size-large wp-image-1259\" alt=\"\" srcset=\"https:\/\/tovar-prijevoz-selidbe.hr\/wp-content\/uploads\/2024\/09\/kombi-prevoz.webp 350w, https:\/\/tovar-prijevoz-selidbe.hr\/wp-content\/uploads\/2024\/09\/kombi-prevoz-300x225.webp 300w\" sizes=\"(max-width: 350px) 100vw, 350px\" \/>\t\t\t\t\t\t\t\t\t\t\t\t\t<\/div>\n\t\t\t\t<\/div>\n\t\t\t\t\t<\/div>\n\t\t<\/div>\n\t\t\t\t<div class=\"elementor-column elementor-col-50 elementor-top-column elementor-element elementor-element-65c259ea\" data-id=\"65c259ea\" data-element_type=\"column\">\n\t\t\t<div class=\"elementor-widget-wrap elementor-element-populated\">\n\t\t\t\t\t\t<div class=\"elementor-element elementor-element-a035ae1 elementor-widget elementor-widget-heading\" data-id=\"a035ae1\" data-element_type=\"widget\" data-widget_type=\"heading.default\">\n\t\t\t\t<div class=\"elementor-widget-container\">\n\t\t\t<h2 class=\"elementor-heading-title elementor-size-default\">Za\u0161to Odabrati Na\u0161u Uslugu?<\/h2>\t\t<\/div>\n\t\t\t\t<\/div>\n\t\t\t\t<div class=\"elementor-element elementor-element-3ee8a499 elementor-widget-divider--view-line elementor-widget elementor-widget-divider\" data-id=\"3ee8a499\" data-element_type=\"widget\" data-widget_type=\"divider.default\">\n\t\t\t\t<div class=\"elementor-widget-container\">\n\t\t\t\t\t<div class=\"elementor-divider\">\n\t\t\t<span class=\"elementor-divider-separator\">\n\t\t\t\t\t\t<\/span>\n\t\t<\/div>\n\t\t\t\t<\/div>\n\t\t\t\t<\/div>\n\t\t\t\t<div class=\"elementor-element elementor-element-4d695072 elementor-widget elementor-widget-text-editor\" data-id=\"4d695072\" data-element_type=\"widget\" data-widget_type=\"text-editor.default\">\n\t\t\t\t<div class=\"elementor-widget-container\">\n\t\t\t\t\t\t\t<h4><strong><em>Iskusni Tim Stru\u010dnjaka<\/em><\/strong><\/h4><p>Na\u0161 tim \u010dine profesionalci s dugogodi\u0161njim iskustvom u demonta\u017ei i monta\u017ei namje\u0161taja. Rukovat \u0107emo va\u0161im stvarima s najve\u0107om pa\u017enjom, osiguravaju\u0107i da sve bude u savr\u0161enom stanju.<\/p><h4><strong><em>Prilagodljive Usluge<\/em><\/strong><\/h4><p>Bez obzira na to trebate li demontirati i montirati kuhinjski namje\u0161taj, ormare, krevete ili druge komade, prilagodit \u0107emo na\u0161e usluge va\u0161im specifi\u010dnim potrebama. Poma\u017eemo vam u svim fazama, od pakiranja do finalnog postavljanja.<\/p><h4><strong><em>Osiguranje i Za\u0161tita<\/em><\/strong><\/h4><p>Osiguravamo da su svi dijelovi va\u0161eg namje\u0161taja pravilno ozna\u010deni i za\u0161ti\u0107eni tijekom demonta\u017ee i transporta. Koristimo kvalitetne za\u0161titne materijale kako bismo sprije\u010dili o\u0161te\u0107enja.<\/p>\t\t\t\t\t\t<\/div>\n\t\t\t\t<\/div>\n\t\t\t\t\t<\/div>\n\t\t<\/div>\n\t\t\t\t\t<\/div>\n\t\t<\/section>\n\t\t<div class=\"elementor-element elementor-element-95c6a7a e-flex e-con-boxed wpr-particle-no wpr-jarallax-no wpr-parallax-no wpr-sticky-section-no e-con e-parent\" data-id=\"95c6a7a\" data-element_type=\"container\">\n\t\t\t\t\t<div class=\"e-con-inner\">\n\t\t<div class=\"elementor-element elementor-element-400fee4 e-con-full e-flex wpr-particle-no wpr-jarallax-no wpr-parallax-no wpr-sticky-section-no e-con e-child\" data-id=\"400fee4\" data-element_type=\"container\">\n\t\t\t\t<div class=\"elementor-element elementor-element-86d343a elementor-widget elementor-widget-image\" data-id=\"86d343a\" data-element_type=\"widget\" data-widget_type=\"image.default\">\n\t\t\t\t<div class=\"elementor-widget-container\">\n\t\t\t\t\t\t\t\t\t\t\t\t\t<img decoding=\"async\" width=\"960\" height=\"948\" src=\"https:\/\/tovar-prijevoz-selidbe.hr\/wp-content\/uploads\/2024\/09\/366f863b-4717-4748-8b1f-8b201a2257d6-1024x1011.jpeg\" class=\"attachment-large size-large wp-image-1239\" alt=\"\" srcset=\"https:\/\/tovar-prijevoz-selidbe.hr\/wp-content\/uploads\/2024\/09\/366f863b-4717-4748-8b1f-8b201a2257d6-1024x1011.jpeg 1024w, https:\/\/tovar-prijevoz-selidbe.hr\/wp-content\/uploads\/2024\/09\/366f863b-4717-4748-8b1f-8b201a2257d6-300x296.jpeg 300w, https:\/\/tovar-prijevoz-selidbe.hr\/wp-content\/uploads\/2024\/09\/366f863b-4717-4748-8b1f-8b201a2257d6-768x758.jpeg 768w, https:\/\/tovar-prijevoz-selidbe.hr\/wp-content\/uploads\/2024\/09\/366f863b-4717-4748-8b1f-8b201a2257d6.jpeg 1080w\" sizes=\"(max-width: 960px) 100vw, 960px\" \/>\t\t\t\t\t\t\t\t\t\t\t\t\t<\/div>\n\t\t\t\t<\/div>\n\t\t\t\t<\/div>\n\t\t<div class=\"elementor-element elementor-element-00be181 e-con-full e-flex wpr-particle-no wpr-jarallax-no wpr-parallax-no wpr-sticky-section-no e-con e-child\" data-id=\"00be181\" data-element_type=\"container\">\n\t\t\t\t<div class=\"elementor-element elementor-element-d36057c elementor-widget elementor-widget-heading\" data-id=\"d36057c\" data-element_type=\"widget\" data-widget_type=\"heading.default\">\n\t\t\t\t<div class=\"elementor-widget-container\">\n\t\t\t<h2 class=\"elementor-heading-title elementor-size-default\">Kako Funkcionira Na\u0161a Usluga?\n<\/h2>\t\t<\/div>\n\t\t\t\t<\/div>\n\t\t\t\t<div class=\"elementor-element elementor-element-c51da6a elementor-widget-divider--view-line elementor-widget elementor-widget-divider\" data-id=\"c51da6a\" data-element_type=\"widget\" data-widget_type=\"divider.default\">\n\t\t\t\t<div class=\"elementor-widget-container\">\n\t\t\t\t\t<div class=\"elementor-divider\">\n\t\t\t<span class=\"elementor-divider-separator\">\n\t\t\t\t\t\t<\/span>\n\t\t<\/div>\n\t\t\t\t<\/div>\n\t\t\t\t<\/div>\n\t\t\t\t<div class=\"elementor-element elementor-element-8abd004 elementor-widget elementor-widget-text-editor\" data-id=\"8abd004\" data-element_type=\"widget\" data-widget_type=\"text-editor.default\">\n\t\t\t\t<div class=\"elementor-widget-container\">\n\t\t\t\t\t\t\t<h4><strong><em>Besplatna Procjena<\/em><\/strong><\/h4><p>Kontaktirajte nas za besplatnu procjenu. Na\u0161i stru\u010dnjaci do\u0107i \u0107e na va\u0161u adresu kako bi procijenili vrstu namje\u0161taja i pripremili plan demonta\u017ee.<\/p><h4><strong><em>Planiranje i Organizacija<\/em><\/strong><\/h4><p>Nakon procjene, zajedno \u0107emo isplanirati datum i vrijeme selidbe. Na\u0161 tim \u0107e se pobrinuti za sve potrebne alate i materijale.<\/p><h4><strong><em>Demonta\u017ea i Transport<\/em><\/strong><\/h4><p>Na dan selidbe, na\u0161 tim \u0107e pa\u017eljivo demontirati va\u0161 namje\u0161taj, pakirati ga i transportirati na novu lokaciju.<\/p><h4><strong><em>Ponovna Monta\u017ea<\/em><\/strong><\/h4><p>Na odredi\u0161tu, na\u0161 tim \u0107e ponovno sastaviti va\u0161 namje\u0161taj prema va\u0161im \u017eeljama i potrebama, osiguravaju\u0107i da sve bude na pravom mjestu.<\/p>\t\t\t\t\t\t<\/div>\n\t\t\t\t<\/div>\n\t\t\t\t<\/div>\n\t\t\t\t\t<\/div>\n\t\t\t\t<\/div>\n\t\t\t\t<section class=\"elementor-section elementor-top-section elementor-element elementor-element-10112d0e elementor-section-height-min-height elementor-section-boxed elementor-section-height-default elementor-section-items-middle wpr-particle-no wpr-jarallax-no wpr-parallax-no wpr-sticky-section-no\" data-id=\"10112d0e\" data-element_type=\"section\" data-settings=\"{&quot;background_background&quot;:&quot;classic&quot;}\">\n\t\t\t\t\t\t\t<div class=\"elementor-background-overlay\"><\/div>\n\t\t\t\t\t\t\t<div class=\"elementor-container elementor-column-gap-default\">\n\t\t\t\t\t<div class=\"elementor-column elementor-col-100 elementor-top-column elementor-element elementor-element-6de3bccb\" data-id=\"6de3bccb\" data-element_type=\"column\">\n\t\t\t<div class=\"elementor-widget-wrap elementor-element-populated\">\n\t\t\t\t\t\t<div class=\"elementor-element elementor-element-153821c8 elementor-widget elementor-widget-heading\" data-id=\"153821c8\" data-element_type=\"widget\" data-widget_type=\"heading.default\">\n\t\t\t\t<div class=\"elementor-widget-container\">\n\t\t\t<h2 class=\"elementor-heading-title elementor-size-default\">Demonta\u017ea i ponovna monta\u017ea namje\u0161taja s na\u0161om uslugom osigurava vam bezbri\u017enu selidbu<\/h2>\t\t<\/div>\n\t\t\t\t<\/div>\n\t\t\t\t\t<\/div>\n\t\t<\/div>\n\t\t\t\t\t<\/div>\n\t\t<\/section>\n\t\t\t\t<\/div>\n\t\t","protected":false},"excerpt":{"rendered":"<p>Demonta\u017ea i Ponovna Monta\u017ea Namje\u0161taja Split Stru\u010dna Usluga za Bezbrige Selidbe Selidba mo\u017ee biti stresna, posebno kada je u pitanju kompliciran namje\u0161taj. Na\u0161a usluga demonta\u017ee i ponovne monta\u017ee namje\u0161taja pru\u017ea vam sveobuhvatan pristup kako biste osigurali da svaki komad va\u0161eg namje\u0161taja bude pa\u017eljivo rastavljen i ponovno sastavljen na novoj lokaciji. Bez obzira na veli\u010dinu ili slo\u017eenost va\u0161eg namje\u0161taja, na\u0161 tim stru\u010dnjaka jam\u010di sigurnost i efikasnost. 095 388 5892 Za\u0161to Odabrati Na\u0161u Uslugu? Iskusni Tim Stru\u010dnjaka Na\u0161 tim \u010dine profesionalci s dugogodi\u0161njim iskustvom u demonta\u017ei i monta\u017ei namje\u0161taja. Rukovat \u0107emo va\u0161im stvarima s najve\u0107om pa\u017enjom, osiguravaju\u0107i da sve bude u savr\u0161enom stanju. Prilagodljive Usluge Bez obzira na to trebate li demontirati i montirati kuhinjski namje\u0161taj, ormare, krevete ili druge komade, prilagodit \u0107emo na\u0161e usluge va\u0161im specifi\u010dnim potrebama. Poma\u017eemo vam u svim fazama, od pakiranja do finalnog postavljanja. Osiguranje i Za\u0161tita Osiguravamo da su svi dijelovi va\u0161eg namje\u0161taja pravilno ozna\u010deni i za\u0161ti\u0107eni tijekom demonta\u017ee i transporta. Koristimo kvalitetne za\u0161titne materijale kako bismo sprije\u010dili o\u0161te\u0107enja. Kako Funkcionira Na\u0161a Usluga? Besplatna Procjena Kontaktirajte nas za besplatnu procjenu. Na\u0161i stru\u010dnjaci do\u0107i \u0107e na va\u0161u adresu kako bi procijenili vrstu namje\u0161taja i pripremili plan demonta\u017ee. Planiranje i Organizacija Nakon procjene, zajedno \u0107emo isplanirati datum i vrijeme selidbe. Na\u0161 tim \u0107e se pobrinuti za sve potrebne alate i materijale. Demonta\u017ea i Transport Na dan selidbe, na\u0161 tim \u0107e pa\u017eljivo demontirati va\u0161 namje\u0161taj, pakirati ga i transportirati na novu lokaciju. Ponovna Monta\u017ea Na odredi\u0161tu, na\u0161 tim \u0107e ponovno sastaviti va\u0161 namje\u0161taj prema va\u0161im \u017eeljama i potrebama, osiguravaju\u0107i da sve bude na pravom mjestu. Demonta\u017ea i ponovna monta\u017ea namje\u0161taja s na\u0161om uslugom osigurava vam bezbri\u017enu selidbu<\/p>\n","protected":false},"author":1,"featured_media":0,"parent":0,"menu_order":0,"comment_status":"closed","ping_status":"closed","template":"","meta":{"om_disable_all_campaigns":false,"_monsterinsights_skip_tracking":false,"_monsterinsights_sitenote_active":false,"_monsterinsights_sitenote_note":"","_monsterinsights_sitenote_category":0,"footnotes":""},"class_list":["post-1429","page","type-page","status-publish","hentry"],"aioseo_notices":[],"_links":{"self":[{"href":"https:\/\/tovar-prijevoz-selidbe.hr\/index.php\/wp-json\/wp\/v2\/pages\/1429","targetHints":{"allow":["GET"]}}],"collection":[{"href":"https:\/\/tovar-prijevoz-selidbe.hr\/index.php\/wp-json\/wp\/v2\/pages"}],"about":[{"href":"https:\/\/tovar-prijevoz-selidbe.hr\/index.php\/wp-json\/wp\/v2\/types\/page"}],"author":[{"embeddable":true,"href":"https:\/\/tovar-prijevoz-selidbe.hr\/index.php\/wp-json\/wp\/v2\/users\/1"}],"replies":[{"embeddable":true,"href":"https:\/\/tovar-prijevoz-selidbe.hr\/index.php\/wp-json\/wp\/v2\/comments?post=1429"}],"version-history":[{"count":7,"href":"https:\/\/tovar-prijevoz-selidbe.hr\/index.php\/wp-json\/wp\/v2\/pages\/1429\/revisions"}],"predecessor-version":[{"id":1458,"href":"https:\/\/tovar-prijevoz-selidbe.hr\/index.php\/wp-json\/wp\/v2\/pages\/1429\/revisions\/1458"}],"wp:attachment":[{"href":"https:\/\/tovar-prijevoz-selidbe.hr\/index.php\/wp-json\/wp\/v2\/media?parent=1429"}],"curies":[{"name":"wp","href":"https:\/\/api.w.org\/{rel}","templated":true}]}}