{"id":1342,"date":"2024-10-03T15:07:35","date_gmt":"2024-10-03T15:07:35","guid":{"rendered":"https:\/\/tovar-prijevoz-selidbe.hr\/?page_id=1342"},"modified":"2024-10-05T17:53:13","modified_gmt":"2024-10-05T17:53:13","slug":"kombi-prijevoz","status":"publish","type":"page","link":"https:\/\/tovar-prijevoz-selidbe.hr\/index.php\/kombi-prijevoz\/","title":{"rendered":"Kombi Prijevoz"},"content":{"rendered":"\t\t<div data-elementor-type=\"wp-page\" data-elementor-id=\"1342\" class=\"elementor elementor-1342\">\n\t\t\t\t\t\t<section class=\"elementor-section elementor-top-section elementor-element elementor-element-90521fe0 elementor-section-boxed elementor-section-height-default elementor-section-height-default wpr-particle-no wpr-jarallax-no wpr-parallax-no wpr-sticky-section-no\" data-id=\"90521fe0\" data-element_type=\"section\" data-settings=\"{&quot;background_background&quot;:&quot;classic&quot;}\">\n\t\t\t\t\t\t\t<div class=\"elementor-background-overlay\"><\/div>\n\t\t\t\t\t\t\t<div class=\"elementor-container elementor-column-gap-default\">\n\t\t\t\t\t<div class=\"elementor-column elementor-col-100 elementor-top-column elementor-element elementor-element-61628632\" data-id=\"61628632\" data-element_type=\"column\">\n\t\t\t<div class=\"elementor-widget-wrap elementor-element-populated\">\n\t\t\t\t\t\t<div class=\"elementor-element elementor-element-1e8d1ee2 elementor-widget elementor-widget-heading\" data-id=\"1e8d1ee2\" data-element_type=\"widget\" data-widget_type=\"heading.default\">\n\t\t\t\t<div class=\"elementor-widget-container\">\n\t\t\t<h2 class=\"elementor-heading-title elementor-size-default\">Kombi Prijevoz Dalmacija<\/h2>\t\t<\/div>\n\t\t\t\t<\/div>\n\t\t\t\t<div class=\"elementor-element elementor-element-1005f96f elementor-widget elementor-widget-text-editor\" data-id=\"1005f96f\" data-element_type=\"widget\" data-widget_type=\"text-editor.default\">\n\t\t\t\t<div class=\"elementor-widget-container\">\n\t\t\t\t\t\t\t<p>Pouzdano i Udobno Rje\u0161enje za Va\u0161e Potrebe<\/p>\t\t\t\t\t\t<\/div>\n\t\t\t\t<\/div>\n\t\t\t\t\t<\/div>\n\t\t<\/div>\n\t\t\t\t\t<\/div>\n\t\t<\/section>\n\t\t\t\t<section class=\"elementor-section elementor-top-section elementor-element elementor-element-3d8e3a18 elementor-section-boxed elementor-section-height-default elementor-section-height-default wpr-particle-no wpr-jarallax-no wpr-parallax-no wpr-sticky-section-no\" data-id=\"3d8e3a18\" data-element_type=\"section\">\n\t\t\t\t\t\t<div class=\"elementor-container elementor-column-gap-wide\">\n\t\t\t\t\t<div class=\"elementor-column elementor-col-50 elementor-top-column elementor-element elementor-element-4ca82187 elementor-invisible\" data-id=\"4ca82187\" data-element_type=\"column\" data-settings=\"{&quot;animation&quot;:&quot;slideInLeft&quot;}\">\n\t\t\t<div class=\"elementor-widget-wrap elementor-element-populated\">\n\t\t\t\t\t\t<div class=\"elementor-element elementor-element-3aa99a31 elementor-widget elementor-widget-heading\" data-id=\"3aa99a31\" data-element_type=\"widget\" data-widget_type=\"heading.default\">\n\t\t\t\t<div class=\"elementor-widget-container\">\n\t\t\t<h2 class=\"elementor-heading-title elementor-size-default\">Kombi Prijevoz Dalmacija <\/h2>\t\t<\/div>\n\t\t\t\t<\/div>\n\t\t\t\t<div class=\"elementor-element elementor-element-7419c1b9 elementor-widget elementor-widget-heading\" data-id=\"7419c1b9\" data-element_type=\"widget\" data-widget_type=\"heading.default\">\n\t\t\t\t<div class=\"elementor-widget-container\">\n\t\t\t<h2 class=\"elementor-heading-title elementor-size-default\">Uvod u Kombi Prijevoz Dalmacija<\/h2>\t\t<\/div>\n\t\t\t\t<\/div>\n\t\t\t\t<div class=\"elementor-element elementor-element-76f0a593 elementor-widget__width-initial elementor-widget elementor-widget-text-editor\" data-id=\"76f0a593\" data-element_type=\"widget\" data-widget_type=\"text-editor.default\">\n\t\t\t\t<div class=\"elementor-widget-container\">\n\t\t\t\t\t\t\t<p>Kada je re\u010d o selidbama u Dalmaciji, na\u0161a usluga se isti\u010de kao va\u0161 najbolji izbor! Bilo da se selite unutar grada Splita, u okolna mesta kao \u0161to su Zadar, \u0160ibenik ili Dubrovnik, mi smo ovde da vam olak\u0161amo svaki korak. Na\u0161a stru\u010dnost i posve\u0107enost omogu\u0107avaju vam da se fokusirate na nove po\u010detke, dok mi brinemo o va\u0161em teretu.<\/p>\t\t\t\t\t\t<\/div>\n\t\t\t\t<\/div>\n\t\t\t\t<div class=\"elementor-element elementor-element-6452e9b2 wpr-button-icon-style-inline wpr-button-icon-position-right elementor-widget elementor-widget-wpr-button\" data-id=\"6452e9b2\" data-element_type=\"widget\" data-widget_type=\"wpr-button.default\">\n\t\t\t\t<div class=\"elementor-widget-container\">\n\t\t\t\t\n\t\t\t\n\t\t\n\t\t<div class=\"wpr-button-wrap elementor-clearfix\">\n\t\t<a class=\"wpr-button wpr-button-effect wpr-button-none\" data-text=\"Go\" href=\"tel:%20095%20388%205892\">\n\t\t\t\n\t\t\t<span class=\"wpr-button-content\">\n\t\t\t\t\t\t\t\t\t<span class=\"wpr-button-text\">095 388 5892<\/span>\n\t\t\t\t\t\t\t\t\n\t\t\t\t\t\t\t<\/span>\n\t\t<\/a>\n\n\t\t\t\t<\/div>\n\t\n\t\n\t\t\t<\/div>\n\t\t\t\t<\/div>\n\t\t\t\t\t<\/div>\n\t\t<\/div>\n\t\t\t\t<div class=\"elementor-column elementor-col-50 elementor-top-column elementor-element elementor-element-298d2437 elementor-invisible\" data-id=\"298d2437\" data-element_type=\"column\" data-settings=\"{&quot;animation&quot;:&quot;slideInRight&quot;}\">\n\t\t\t<div class=\"elementor-widget-wrap elementor-element-populated\">\n\t\t\t\t\t\t<div class=\"elementor-element elementor-element-6d15595a elementor-widget elementor-widget-image\" data-id=\"6d15595a\" data-element_type=\"widget\" data-widget_type=\"image.default\">\n\t\t\t\t<div class=\"elementor-widget-container\">\n\t\t\t\t\t\t\t\t\t\t\t\t\t<img fetchpriority=\"high\" decoding=\"async\" width=\"500\" height=\"500\" src=\"https:\/\/tovar-prijevoz-selidbe.hr\/wp-content\/uploads\/2024\/09\/Kombi-prijevoz-naslovna-500x500-1.jpg\" class=\"attachment-large size-large wp-image-1230\" alt=\"\" srcset=\"https:\/\/tovar-prijevoz-selidbe.hr\/wp-content\/uploads\/2024\/09\/Kombi-prijevoz-naslovna-500x500-1.jpg 500w, https:\/\/tovar-prijevoz-selidbe.hr\/wp-content\/uploads\/2024\/09\/Kombi-prijevoz-naslovna-500x500-1-300x300.jpg 300w, https:\/\/tovar-prijevoz-selidbe.hr\/wp-content\/uploads\/2024\/09\/Kombi-prijevoz-naslovna-500x500-1-150x150.jpg 150w\" sizes=\"(max-width: 500px) 100vw, 500px\" \/>\t\t\t\t\t\t\t\t\t\t\t\t\t<\/div>\n\t\t\t\t<\/div>\n\t\t\t\t\t<\/div>\n\t\t<\/div>\n\t\t\t\t\t<\/div>\n\t\t<\/section>\n\t\t\t\t<section class=\"elementor-section elementor-top-section elementor-element elementor-element-681b9293 elementor-section-boxed elementor-section-height-default elementor-section-height-default wpr-particle-no wpr-jarallax-no wpr-parallax-no wpr-sticky-section-no\" data-id=\"681b9293\" data-element_type=\"section\">\n\t\t\t\t\t\t\t<div class=\"elementor-background-overlay\"><\/div>\n\t\t\t\t\t\t\t<div class=\"elementor-container elementor-column-gap-default\">\n\t\t\t\t\t<div class=\"elementor-column elementor-col-100 elementor-top-column elementor-element elementor-element-7f08547f elementor-invisible\" data-id=\"7f08547f\" data-element_type=\"column\" data-settings=\"{&quot;animation&quot;:&quot;fadeIn&quot;}\">\n\t\t\t<div class=\"elementor-widget-wrap elementor-element-populated\">\n\t\t\t\t\t\t<section class=\"elementor-section elementor-inner-section elementor-element elementor-element-173842c8 elementor-section-boxed elementor-section-height-default elementor-section-height-default wpr-particle-no wpr-jarallax-no wpr-parallax-no wpr-sticky-section-no\" data-id=\"173842c8\" data-element_type=\"section\">\n\t\t\t\t\t\t<div class=\"elementor-container elementor-column-gap-default\">\n\t\t\t\t\t<div class=\"elementor-column elementor-col-100 elementor-inner-column elementor-element elementor-element-5e1b56a8\" data-id=\"5e1b56a8\" data-element_type=\"column\">\n\t\t\t<div class=\"elementor-widget-wrap elementor-element-populated\">\n\t\t\t\t\t\t<div class=\"elementor-element elementor-element-1f2c9a41 elementor-widget elementor-widget-heading\" data-id=\"1f2c9a41\" data-element_type=\"widget\" data-widget_type=\"heading.default\">\n\t\t\t\t<div class=\"elementor-widget-container\">\n\t\t\t<h2 class=\"elementor-heading-title elementor-size-default\">Kombi Prijevoz Dalmacija <\/h2>\t\t<\/div>\n\t\t\t\t<\/div>\n\t\t\t\t<div class=\"elementor-element elementor-element-7627625d elementor-widget elementor-widget-heading\" data-id=\"7627625d\" data-element_type=\"widget\" data-widget_type=\"heading.default\">\n\t\t\t\t<div class=\"elementor-widget-container\">\n\t\t\t<h2 class=\"elementor-heading-title elementor-size-default\">Prednosti Kombi Prijevoza\n<\/h2>\t\t<\/div>\n\t\t\t\t<\/div>\n\t\t\t\t\t<\/div>\n\t\t<\/div>\n\t\t\t\t\t<\/div>\n\t\t<\/section>\n\t\t\t\t<div class=\"elementor-element elementor-element-6f57a737 wpr-list-style-none elementor-widget elementor-widget-wpr-posts-timeline\" data-id=\"6f57a737\" data-element_type=\"widget\" data-settings=\"{&quot;swiper_speed&quot;:500}\" data-widget_type=\"wpr-posts-timeline.default\">\n\t\t\t\t<div class=\"elementor-widget-container\">\n\t\t\t<div class=\"wpr-timeline-outer-container\"><div class=\"wpr-wrapper swiper wpr-horizontal-bottom\" dir=\"\" data-slidestoshow = \"3\" data-autoplay=\"\" data-loop=\"\" data-swiper-speed=\"500\" data-swiper-delay=\"0\" data-swiper-poh=\"\" data-swiper-space-between=\"5\"><div class=\"swiper-wrapper wpr-horizontal-bottom-timeline\"><div class=\"swiper-slide swiper-slide-line-top no elementor-repeater-item-940c2b5\"><div class=\"wpr-extra-label\" ><span class=\"wpr-label\" >Kombi Prijevoz Dalmacija<\/span><\/div><div class=\"wpr-main-line-icon wpr-icon\"><i aria-hidden=\"true\" class=\"far fa-flag\"><\/i><\/div><div class=\"wpr-story-info \"><div class=\"wpr-timeline-content-wrapper\"><p class=\"wpr-title-wrap\"><span  class=\"wpr-title\">Va\u0161a Briga, Na\u0161a Misija<\/span><\/p><div class=\"wpr-description\"><p>U svijetu brzih promjena i sveprisutne mobilnosti, efikasan prijevoz robe postaje klju\u010dan. Bilo da se selite u novi dom, prijevozite vredne pakete ili se osloba\u0111ate suvi\u0161nog tereta, na\u0161a usluga kombi prijevoza je tu da vam olak\u0161a svaki korak. Sa nama, va\u0161a briga postaje na\u0161a misija, a svaki paket ili komad namje\u0161taja dobija pa\u017enju koju zaslu\u017euje.<\/p><\/div><\/div><\/div><\/div><div class=\"swiper-slide swiper-slide-line-top no elementor-repeater-item-a6de89e\"><div class=\"wpr-extra-label\" ><span class=\"wpr-label\" >Kombi Prijevoz Dalmacija<\/span><\/div><div class=\"wpr-main-line-icon wpr-icon\"><i aria-hidden=\"true\" class=\"far fa-paper-plane\"><\/i><\/div><div class=\"wpr-story-info \"><div class=\"wpr-timeline-content-wrapper\"><p class=\"wpr-title-wrap\"><span  class=\"wpr-title\">Ne\u0161to Vi\u0161e Od Prevoza<\/span><\/p><div class=\"wpr-description\"><p>Ali to nije sve! Na\u0161a ponuda uklju\u010duje i usluge pakovanja i utovara, tako da mo\u017eete biti sigurni da \u0107e va\u0161a roba sti\u0107i na odredi\u0161te netaknuta. Uz nas, selidbe postaju manje stresne. Zamislite da se oslobodite brige o transportu\u2014mi \u0107emo se pobrinuti da svaki predmet stigne sigurno i na vreme. A za one koji se suo\u010davaju sa odvozom suta ili starih stvari, na\u0161i kombiji su idealni za brzu i efikasnu uslugu. Va\u0161e dvori\u0161te ili stan \u0107e ponovo zasijati!<\/p><\/div><\/div><\/div><\/div><div class=\"swiper-slide swiper-slide-line-top no elementor-repeater-item-47be66e\"><div class=\"wpr-extra-label\" ><span class=\"wpr-label\" >Kombi Prijevoz Dalmacija<\/span><\/div><div class=\"wpr-main-line-icon wpr-icon\"><i aria-hidden=\"true\" class=\"far fa-lightbulb\"><\/i><\/div><div class=\"wpr-story-info \"><div class=\"wpr-timeline-content-wrapper\"><p class=\"wpr-title-wrap\"><span  class=\"wpr-title\">Uverite Se U Kvalitet<\/span><\/p><div class=\"wpr-description\"><p>Ne verujte nam samo na re\u010d\u2014pridru\u017eite se brojnim zadovoljnim klijentima koji su se oslonili na na\u0161u uslugu. Na\u0161a posve\u0107enost kvalitetu, brzini i profesionalnosti \u010dini nas pravim izborom za svaki prijevoz. Bez obzira na to koliko je va\u0161a po\u0161iljka velika ili mala, mi \u0107emo je dostaviti sa osmehom. Kontaktirajte nas danas i otkrijte kako mo\u017eemo pomo\u0107i da va\u0161i tereti postanu lak\u0161i!<\/p><\/div><\/div><\/div><\/div><\/div>\n\t\t\t<!-- Add Pagination -->        \n\t\t\t<div class=\"wpr-swiper-pagination\"><\/div>\n\t\t\t<!-- Add Arrows -->\n\t\t\t<div class=\"wpr-button-prev wpr-timeline-prev-arrow wpr-timeline-prev-6f57a737\">\n\t\t\t\t<svg version=\"1.1\" xmlns=\"http:\/\/www.w3.org\/2000\/svg\" xmlns:xlink=\"http:\/\/www.w3.org\/1999\/xlink\" x=\"0px\" y=\"0px\" viewBox=\"0 0 291.4 512\" style=\"enable-background:new 0 0 291.4 512;\" xml:space=\"preserve\"><g><path class=\"st0\" d=\"M281.1,451.5c13.8,13.8,13.8,36.3,0,50.1c-13.8,13.8-36.3,13.8-50.1,0L10.4,281C3.5,274.1,0,265.1,0,256c0-9.1,3.5-18.1,10.4-25L231,10.4c13.8-13.8,36.3-13.8,50.1,0c6.9,6.9,10.4,16,10.4,25s-3.5,18.1-10.4,25L85.5,256L281.1,451.5z\"\/><\/g><\/svg>\n\t\t\t<\/div>\n\t\t\t<div class=\"wpr-button-next wpr-timeline-next-arrow wpr-timeline-next-6f57a737\">\n\t\t\t\t<svg version=\"1.1\" xmlns=\"http:\/\/www.w3.org\/2000\/svg\" xmlns:xlink=\"http:\/\/www.w3.org\/1999\/xlink\" x=\"0px\" y=\"0px\" viewBox=\"0 0 291.4 512\" style=\"enable-background:new 0 0 291.4 512;\" xml:space=\"preserve\"><g><path class=\"st0\" d=\"M281.1,451.5c13.8,13.8,13.8,36.3,0,50.1c-13.8,13.8-36.3,13.8-50.1,0L10.4,281C3.5,274.1,0,265.1,0,256c0-9.1,3.5-18.1,10.4-25L231,10.4c13.8-13.8,36.3-13.8,50.1,0c6.9,6.9,10.4,16,10.4,25s-3.5,18.1-10.4,25L85.5,256L281.1,451.5z\"\/><\/g><\/svg>\n\t\t\t<\/div>\n\t\t<\/div><\/div>\t\t<\/div>\n\t\t\t\t<\/div>\n\t\t\t\t\t<\/div>\n\t\t<\/div>\n\t\t\t\t\t<\/div>\n\t\t<\/section>\n\t\t\t\t<section class=\"elementor-section elementor-top-section elementor-element elementor-element-409f9efd elementor-section-boxed elementor-section-height-default elementor-section-height-default wpr-particle-no wpr-jarallax-no wpr-parallax-no wpr-sticky-section-no\" data-id=\"409f9efd\" data-element_type=\"section\">\n\t\t\t\t\t\t<div class=\"elementor-container elementor-column-gap-default\">\n\t\t\t\t\t<div class=\"elementor-column elementor-col-50 elementor-top-column elementor-element elementor-element-4f9b9dff elementor-invisible\" data-id=\"4f9b9dff\" data-element_type=\"column\" data-settings=\"{&quot;animation&quot;:&quot;slideInLeft&quot;}\">\n\t\t\t<div class=\"elementor-widget-wrap elementor-element-populated\">\n\t\t\t\t\t\t<div class=\"elementor-element elementor-element-8027d69 elementor-widget elementor-widget-heading\" data-id=\"8027d69\" data-element_type=\"widget\" data-widget_type=\"heading.default\">\n\t\t\t\t<div class=\"elementor-widget-container\">\n\t\t\t<h2 class=\"elementor-heading-title elementor-size-default\">Kombi Prijevoz Dalmacija <\/h2>\t\t<\/div>\n\t\t\t\t<\/div>\n\t\t\t\t<div class=\"elementor-element elementor-element-41fa90e6 elementor-widget elementor-widget-heading\" data-id=\"41fa90e6\" data-element_type=\"widget\" data-widget_type=\"heading.default\">\n\t\t\t\t<div class=\"elementor-widget-container\">\n\t\t\t<h2 class=\"elementor-heading-title elementor-size-default\">Kontaktiranje Na\u0161eg Tima<\/h2>\t\t<\/div>\n\t\t\t\t<\/div>\n\t\t\t\t<div class=\"elementor-element elementor-element-364c64d1 elementor-widget elementor-widget-text-editor\" data-id=\"364c64d1\" data-element_type=\"widget\" data-widget_type=\"text-editor.default\">\n\t\t\t\t<div class=\"elementor-widget-container\">\n\t\t\t\t\t\t\t<p>Na\u0161 tim je ovdje da vam pomogne u svakom koraku va\u0161e rezervacije. Bez obzira imate li pitanja o cijenama, uslugama ili specifi\u010dnim potrebama, slobodno nas kontaktirajte. Na\u0161i agenti su dostupni putem razli\u010ditih kanala, uklju\u010duju\u0107i telefon ili e-mail na na\u0161oj web stranici. Trudimo se odgovoriti na sve upite u najkra\u0107em mogu\u0107em roku.<\/p>\t\t\t\t\t\t<\/div>\n\t\t\t\t<\/div>\n\t\t\t\t<div class=\"elementor-element elementor-element-64f0b8b8 wpr-button-icon-style-inline wpr-button-icon-position-right elementor-widget elementor-widget-wpr-button\" data-id=\"64f0b8b8\" data-element_type=\"widget\" data-widget_type=\"wpr-button.default\">\n\t\t\t\t<div class=\"elementor-widget-container\">\n\t\t\t\t\n\t\t\t\n\t\t\n\t\t<div class=\"wpr-button-wrap elementor-clearfix\">\n\t\t<a class=\"wpr-button wpr-button-effect wpr-button-none\" data-text=\"Go\" href=\"tel:%20095%20388%205892\">\n\t\t\t\n\t\t\t<span class=\"wpr-button-content\">\n\t\t\t\t\t\t\t\t\t<span class=\"wpr-button-text\">095 388 5892<\/span>\n\t\t\t\t\t\t\t\t\n\t\t\t\t\t\t\t<\/span>\n\t\t<\/a>\n\n\t\t\t\t<\/div>\n\t\n\t\n\t\t\t<\/div>\n\t\t\t\t<\/div>\n\t\t\t\t\t<\/div>\n\t\t<\/div>\n\t\t\t\t<div class=\"elementor-column elementor-col-50 elementor-top-column elementor-element elementor-element-20f6557b elementor-hidden-tablet elementor-hidden-mobile elementor-invisible\" data-id=\"20f6557b\" data-element_type=\"column\" data-settings=\"{&quot;animation&quot;:&quot;slideInRight&quot;}\">\n\t\t\t<div class=\"elementor-widget-wrap elementor-element-populated\">\n\t\t\t\t\t\t<div class=\"elementor-element elementor-element-6f547b8c elementor-widget elementor-widget-image\" data-id=\"6f547b8c\" data-element_type=\"widget\" data-widget_type=\"image.default\">\n\t\t\t\t<div class=\"elementor-widget-container\">\n\t\t\t\t\t\t\t\t\t\t\t\t\t<img decoding=\"async\" width=\"1920\" height=\"1280\" src=\"https:\/\/tovar-prijevoz-selidbe.hr\/wp-content\/uploads\/2024\/09\/AdobeStock_186250267.jpeg.webp\" class=\"attachment-full size-full wp-image-1231\" alt=\"\" srcset=\"https:\/\/tovar-prijevoz-selidbe.hr\/wp-content\/uploads\/2024\/09\/AdobeStock_186250267.jpeg.webp 1920w, https:\/\/tovar-prijevoz-selidbe.hr\/wp-content\/uploads\/2024\/09\/AdobeStock_186250267.jpeg-300x200.webp 300w, https:\/\/tovar-prijevoz-selidbe.hr\/wp-content\/uploads\/2024\/09\/AdobeStock_186250267.jpeg-1024x683.webp 1024w, https:\/\/tovar-prijevoz-selidbe.hr\/wp-content\/uploads\/2024\/09\/AdobeStock_186250267.jpeg-768x512.webp 768w, https:\/\/tovar-prijevoz-selidbe.hr\/wp-content\/uploads\/2024\/09\/AdobeStock_186250267.jpeg-1536x1024.webp 1536w\" sizes=\"(max-width: 1920px) 100vw, 1920px\" \/>\t\t\t\t\t\t\t\t\t\t\t\t\t<\/div>\n\t\t\t\t<\/div>\n\t\t\t\t\t<\/div>\n\t\t<\/div>\n\t\t\t\t\t<\/div>\n\t\t<\/section>\n\t\t\t\t<section class=\"elementor-section elementor-top-section elementor-element elementor-element-632fe5c4 elementor-section-boxed elementor-section-height-default elementor-section-height-default wpr-particle-no wpr-jarallax-no wpr-parallax-no wpr-sticky-section-no\" data-id=\"632fe5c4\" data-element_type=\"section\" data-settings=\"{&quot;background_background&quot;:&quot;classic&quot;}\">\n\t\t\t\t\t\t\t<div class=\"elementor-background-overlay\"><\/div>\n\t\t\t\t\t\t\t<div class=\"elementor-container elementor-column-gap-default\">\n\t\t\t\t\t<div class=\"elementor-column elementor-col-100 elementor-top-column elementor-element elementor-element-44bb13d0 elementor-invisible\" data-id=\"44bb13d0\" data-element_type=\"column\" data-settings=\"{&quot;animation&quot;:&quot;fadeIn&quot;}\">\n\t\t\t<div class=\"elementor-widget-wrap elementor-element-populated\">\n\t\t\t\t\t\t<section class=\"elementor-section elementor-inner-section elementor-element elementor-element-1288a75e elementor-section-boxed elementor-section-height-default elementor-section-height-default wpr-particle-no wpr-jarallax-no wpr-parallax-no wpr-sticky-section-no\" data-id=\"1288a75e\" data-element_type=\"section\">\n\t\t\t\t\t\t<div class=\"elementor-container elementor-column-gap-default\">\n\t\t\t\t\t<div class=\"elementor-column elementor-col-100 elementor-inner-column elementor-element elementor-element-56c25d77\" data-id=\"56c25d77\" data-element_type=\"column\">\n\t\t\t<div class=\"elementor-widget-wrap elementor-element-populated\">\n\t\t\t\t\t\t<div class=\"elementor-element elementor-element-414920cd elementor-widget elementor-widget-heading\" data-id=\"414920cd\" data-element_type=\"widget\" data-widget_type=\"heading.default\">\n\t\t\t\t<div class=\"elementor-widget-container\">\n\t\t\t<h2 class=\"elementor-heading-title elementor-size-default\">Kombi Prijevoz Dalmacija<\/h2>\t\t<\/div>\n\t\t\t\t<\/div>\n\t\t\t\t<div class=\"elementor-element elementor-element-1e0b0e3a elementor-widget elementor-widget-heading\" data-id=\"1e0b0e3a\" data-element_type=\"widget\" data-widget_type=\"heading.default\">\n\t\t\t\t<div class=\"elementor-widget-container\">\n\t\t\t<h2 class=\"elementor-heading-title elementor-size-default\">Ne dozvolite da vam selidba stvara stres. Uz na\u0161u profesionalnu uslugu selidbi u Dalmaciji, mo\u017eete biti sigurni da \u0107e sve pro\u0107i glatko.<\/h2>\t\t<\/div>\n\t\t\t\t<\/div>\n\t\t\t\t<div class=\"elementor-element elementor-element-1bbdd56 wpr-button-icon-style-inline wpr-button-icon-position-right elementor-widget elementor-widget-wpr-button\" data-id=\"1bbdd56\" data-element_type=\"widget\" data-widget_type=\"wpr-button.default\">\n\t\t\t\t<div class=\"elementor-widget-container\">\n\t\t\t\t\n\t\t\t\n\t\t\n\t\t<div class=\"wpr-button-wrap elementor-clearfix\">\n\t\t<a class=\"wpr-button wpr-button-effect wpr-button-none\" data-text=\"Go\" href=\"tel:%20095%20388%205892\">\n\t\t\t\n\t\t\t<span class=\"wpr-button-content\">\n\t\t\t\t\t\t\t\t\t<span class=\"wpr-button-text\">095 388 5892<\/span>\n\t\t\t\t\t\t\t\t\n\t\t\t\t\t\t\t<\/span>\n\t\t<\/a>\n\n\t\t\t\t<\/div>\n\t\n\t\n\t\t\t<\/div>\n\t\t\t\t<\/div>\n\t\t\t\t\t<\/div>\n\t\t<\/div>\n\t\t\t\t\t<\/div>\n\t\t<\/section>\n\t\t\t\t\t<\/div>\n\t\t<\/div>\n\t\t\t\t\t<\/div>\n\t\t<\/section>\n\t\t\t\t<\/div>\n\t\t","protected":false},"excerpt":{"rendered":"<p>Kombi Prijevoz Dalmacija Pouzdano i Udobno Rje\u0161enje za Va\u0161e Potrebe Kombi Prijevoz Dalmacija Uvod u Kombi Prijevoz Dalmacija Kada je re\u010d o selidbama u Dalmaciji, na\u0161a usluga se isti\u010de kao va\u0161 najbolji izbor! Bilo da se selite unutar grada Splita, u okolna mesta kao \u0161to su Zadar, \u0160ibenik ili Dubrovnik, mi smo ovde da vam olak\u0161amo svaki korak. Na\u0161a stru\u010dnost i posve\u0107enost omogu\u0107avaju vam da se fokusirate na nove po\u010detke, dok mi brinemo o va\u0161em teretu. 095 388 5892 Kombi Prijevoz Dalmacija Prednosti Kombi Prijevoza Kombi Prijevoz Dalmacija Va\u0161a Briga, Na\u0161a Misija U svijetu brzih promjena i sveprisutne mobilnosti, efikasan prijevoz robe postaje klju\u010dan. Bilo da se selite u novi dom, prijevozite vredne pakete ili se osloba\u0111ate suvi\u0161nog tereta, na\u0161a usluga kombi prijevoza je tu da vam olak\u0161a svaki korak. Sa nama, va\u0161a briga postaje na\u0161a misija, a svaki paket ili komad namje\u0161taja dobija pa\u017enju koju zaslu\u017euje. Kombi Prijevoz Dalmacija Ne\u0161to Vi\u0161e Od Prevoza Ali to nije sve! Na\u0161a ponuda uklju\u010duje i usluge pakovanja i utovara, tako da mo\u017eete biti sigurni da \u0107e va\u0161a roba sti\u0107i na odredi\u0161te netaknuta. Uz nas, selidbe postaju manje stresne. Zamislite da se oslobodite brige o transportu\u2014mi \u0107emo se pobrinuti da svaki predmet stigne sigurno i na vreme. A za one koji se suo\u010davaju sa odvozom suta ili starih stvari, na\u0161i kombiji su idealni za brzu i efikasnu uslugu. Va\u0161e dvori\u0161te ili stan \u0107e ponovo zasijati! Kombi Prijevoz Dalmacija Uverite Se U Kvalitet Ne verujte nam samo na re\u010d\u2014pridru\u017eite se brojnim zadovoljnim klijentima koji su se oslonili na na\u0161u uslugu. Na\u0161a posve\u0107enost kvalitetu, brzini i profesionalnosti \u010dini nas pravim izborom za svaki prijevoz. Bez obzira na to koliko je va\u0161a po\u0161iljka velika ili mala, mi \u0107emo je dostaviti sa osmehom. Kontaktirajte nas danas i otkrijte kako mo\u017eemo pomo\u0107i da va\u0161i tereti postanu lak\u0161i! Kombi Prijevoz Dalmacija Kontaktiranje Na\u0161eg Tima Na\u0161 tim je ovdje da vam pomogne u svakom koraku va\u0161e rezervacije. Bez obzira imate li pitanja o cijenama, uslugama ili specifi\u010dnim potrebama, slobodno nas kontaktirajte. Na\u0161i agenti su dostupni putem razli\u010ditih kanala, uklju\u010duju\u0107i telefon ili e-mail na na\u0161oj web stranici. Trudimo se odgovoriti na sve upite u najkra\u0107em mogu\u0107em roku. 095 388 5892 Kombi Prijevoz Dalmacija Ne dozvolite da vam selidba stvara stres. Uz na\u0161u profesionalnu uslugu selidbi u Dalmaciji, mo\u017eete biti sigurni da \u0107e sve pro\u0107i glatko. 095 388 5892<\/p>\n","protected":false},"author":1,"featured_media":0,"parent":0,"menu_order":0,"comment_status":"closed","ping_status":"closed","template":"","meta":{"om_disable_all_campaigns":false,"_monsterinsights_skip_tracking":false,"_monsterinsights_sitenote_active":false,"_monsterinsights_sitenote_note":"","_monsterinsights_sitenote_category":0,"footnotes":""},"class_list":["post-1342","page","type-page","status-publish","hentry"],"aioseo_notices":[],"_links":{"self":[{"href":"https:\/\/tovar-prijevoz-selidbe.hr\/index.php\/wp-json\/wp\/v2\/pages\/1342","targetHints":{"allow":["GET"]}}],"collection":[{"href":"https:\/\/tovar-prijevoz-selidbe.hr\/index.php\/wp-json\/wp\/v2\/pages"}],"about":[{"href":"https:\/\/tovar-prijevoz-selidbe.hr\/index.php\/wp-json\/wp\/v2\/types\/page"}],"author":[{"embeddable":true,"href":"https:\/\/tovar-prijevoz-selidbe.hr\/index.php\/wp-json\/wp\/v2\/users\/1"}],"replies":[{"embeddable":true,"href":"https:\/\/tovar-prijevoz-selidbe.hr\/index.php\/wp-json\/wp\/v2\/comments?post=1342"}],"version-history":[{"count":28,"href":"https:\/\/tovar-prijevoz-selidbe.hr\/index.php\/wp-json\/wp\/v2\/pages\/1342\/revisions"}],"predecessor-version":[{"id":1636,"href":"https:\/\/tovar-prijevoz-selidbe.hr\/index.php\/wp-json\/wp\/v2\/pages\/1342\/revisions\/1636"}],"wp:attachment":[{"href":"https:\/\/tovar-prijevoz-selidbe.hr\/index.php\/wp-json\/wp\/v2\/media?parent=1342"}],"curies":[{"name":"wp","href":"https:\/\/api.w.org\/{rel}","templated":true}]}}